{"id":1606,"date":"2024-02-27T18:21:18","date_gmt":"2024-02-27T17:21:18","guid":{"rendered":"https:\/\/thaisvasseur.com\/?page_id=1606"},"modified":"2024-03-12T11:01:48","modified_gmt":"2024-03-12T10:01:48","slug":"mentions-legales","status":"publish","type":"page","link":"https:\/\/thaisvasseur.com\/index.php\/mentions-legales\/","title":{"rendered":"Mentions l\u00e9gales"},"content":{"rendered":"\t\t<div data-elementor-type=\"wp-page\" data-elementor-id=\"1606\" class=\"elementor elementor-1606\">\n\t\t\t\t\t\t<section class=\"elementor-section elementor-top-section elementor-element elementor-element-141371c10 elementor-section-full_width elementor-section-height-min-height elementor-section-height-default elementor-section-items-middle wpr-particle-no wpr-jarallax-no wpr-parallax-no wpr-sticky-section-no\" data-id=\"141371c10\" data-element_type=\"section\" data-settings=\"{&quot;background_background&quot;:&quot;classic&quot;}\">\n\t\t\t\t\t\t\t<div class=\"elementor-background-overlay\"><\/div>\n\t\t\t\t\t\t\t<div class=\"elementor-container elementor-column-gap-default\">\n\t\t\t\t\t<div class=\"elementor-column elementor-col-100 elementor-top-column elementor-element elementor-element-307b9e1b\" data-id=\"307b9e1b\" data-element_type=\"column\">\n\t\t\t<div class=\"elementor-widget-wrap elementor-element-populated\">\n\t\t\t\t\t\t<div class=\"elementor-element elementor-element-3d992c71 elementor-widget elementor-widget-heading\" data-id=\"3d992c71\" data-element_type=\"widget\" data-widget_type=\"heading.default\">\n\t\t\t\t<div class=\"elementor-widget-container\">\n\t\t\t\t\t<h2 class=\"elementor-heading-title elementor-size-default\">Mentions l\u00e9gales<\/h2>\t\t\t\t<\/div>\n\t\t\t\t<\/div>\n\t\t\t\t\t<\/div>\n\t\t<\/div>\n\t\t\t\t\t<\/div>\n\t\t<\/section>\n\t\t\t\t<section class=\"elementor-section elementor-top-section elementor-element elementor-element-7f642417 elementor-section-boxed elementor-section-height-default elementor-section-height-default wpr-particle-no wpr-jarallax-no wpr-parallax-no wpr-sticky-section-no\" data-id=\"7f642417\" data-element_type=\"section\">\n\t\t\t\t\t\t<div class=\"elementor-container elementor-column-gap-no\">\n\t\t\t\t\t<div class=\"elementor-column elementor-col-100 elementor-top-column elementor-element elementor-element-3834a5c1\" data-id=\"3834a5c1\" data-element_type=\"column\">\n\t\t\t<div class=\"elementor-widget-wrap elementor-element-populated\">\n\t\t\t\t\t\t<div class=\"elementor-element elementor-element-30014b78 elementor-widget elementor-widget-text-editor\" data-id=\"30014b78\" data-element_type=\"widget\" data-widget_type=\"text-editor.default\">\n\t\t\t\t<div class=\"elementor-widget-container\">\n\t\t\t\t\t\t\t\t\t<div>\n<p><span data-canva-clipboard=\"ewAiAGEAIgA6ADUALAAiAGgAIgA6ACIAdwB3AHcALgBjAGEAbgB2AGEALgBjAG8AbQAiACwAIgBjACIAOgAiAEQAQQBGAC0AQQBFAEIAegBWAFMAZwAiACwAIgBpACIAOgAiAGIAWQBoAHQASAA5AEMAcABWAEgAOQBRAFIAOAB4AEkAdwBiAHoAMgA1AEEAIgAsACIAYgAiADoAMQA3ADAAOQAwADUAOAAyADkAOQA2ADcAOQAsACIAQQA\/ACIAOgAiAEUAIgAsACIAQQAiADoAewAiAEEAIgA6AFsAewAiAEEAIgA6AHsAIgBBAD8AIgA6ACIAQQAiACwAIgBBACIAOgAiADEALgAgAFAAUgDJAFMARQBOAFQAQQBUAEkATwBOACAARABVACAAUwBJAFQARQAiAH0ALAAiAEIAIgA6AHsAIgBBACIAOgAiAFkAQQBGAGQASgB0ADgAZABBAFkAMAAsADAAIgAsACIAQgAiADoAIgAxADgAcAB4ACIALAAiAEMAIgA6ACIAYgBvAGwAZAAiACwAIgBEACIAOgAiAG4AbwByAG0AYQBsACIALAAiAEgAIgA6ACIAMABlAG0AIgAsACIASwAiADoAIgBzAHQAYQByAHQAIgB9AH0ALAB7ACIAQQAiADoAewAiAEEAPwAiADoAIgBBACIALAAiAEEAIgA6ACIAXABuAEUAbgAgAHYAZQByAHQAdQAgAGQAZQAgAGwAGSBhAHIAdABpAGMAbABlACAANgAgAGQAZQAgAGwAYQAgAGwAbwBpACAAbgCwACAAMgAwADAANAAtADUANwA1ACAAZAB1ACAAMgAxACAAagB1AGkAbgAgADIAMAAwADQAIABwAG8AdQByACAAbABhACAAYwBvAG4AZgBpAGEAbgBjAGUAIABkAGEAbgBzACAAbAAZIOkAYwBvAG4AbwBtAGkAZQAgAG4AdQBtAOkAcgBpAHEAdQBlACwAIABpAGwAIABlAHMAdAAgAHAAcgDpAGMAaQBzAOkAIABhAHUAeAAgAHUAdABpAGwAaQBzAGEAdABlAHUAcgBzACAAZAB1ACAAcwBpAHQAZQAgAHcAdwB3AC4AdABoAGEAaQB2AGEAcwBzAGUAdQByAC4AYwBvAG0AIABsABkgaQBkAGUAbgB0AGkAdADpACAAZABlAHMAIABkAGkAZgBmAOkAcgBlAG4AdABzACAAaQBuAHQAZQByAHYAZQBuAGEAbgB0AHMAIABkAGEAbgBzACAAbABlACAAYwBhAGQAcgBlACAAZABlACAAcwBhACAAcgDpAGEAbABpAHMAYQB0AGkAbwBuACAAZQB0ACAAZABlACAAcwBvAG4AIABzAHUAaQB2AGkAIAA6AFwAbgBQAHIAbwBwAHIAaQDpAHQAYQBpAHIAZQAgADoAIABFAG4AdAByAGUAcAByAGkAcwBlACAAaQBuAGQAaQB2AGkAZAB1AGUAbABsAGUALAAgAGQAbwBuAHQAIABsAGUAIABHAOkAcgBhAG4AdAAgAGUAcwB0ACAATQBtAGUAIABWAEEAUwBTAEUAVQBSACAAVABoAGEA7wBzACwAIABkAGkA6QB0AOkAdABpAGMAaQBlAG4AbgBlAC0AbgB1AHQAcgBpAHQAaQBvAG4AbgBpAHMAdABlACAAZABpAHAAbAD0AG0A6QBlACwAIABuAHUAbQDpAHIAbwAgAEEAZABlAGwAaQAgADoAIAAzADMAOQA1ADAAOAA1ADIANQAuACAAbgB1AG0A6QByAG8AIABkAGUAIAB0AOkAbADpAHAAaABvAG4AZQAgADoAIAAwADcANwA5ADgANQA1ADUAMQA2ACAAZQB0ACAAYQBkAHIAZQBzAHMAZQAgAG0AYQBpAGwAIAA6ACAAdABoAGEAaQBzAHYAYQBzAHMAZQB1AHIALgBkAGkAZQB0AEAAZwBtAGEAaQBsAC4AYwBvAG0ALgBcAG4AQwByAOkAYQB0AGUAdQByACAAZAB1ACAAcwBpAHQAZQAgADoAIABWAEEAUwBTAEUAVQBSACAAVABoAGEA7wBzAFwAbgBSAGUAcwBwAG8AbgBzAGEAYgBsAGUAIABwAHUAYgBsAGkAYwBhAHQAaQBvAG4AIAA6ACAAVgBBAFMAUwBFAFUAUgAgAFQAaABhAO8AcwBcAG4AQwByAOkAZABpAHQAcwAgAHAAaABvAHQAbwBzACAAOgAgAFYAQQBTAFMARQBVAFIAIABUAGgAYQDvAHMAIAAvACAAYgBhAG4AcQB1AGUAIABkACcAaQBtAGEAZwBlAHMAIABsAGkAYgByAGUAcwAgAGQAZQAgAGQAcgBvAGkAdABzAFwAbgBIAOkAYgBlAHIAZwBlAHUAcgAgADoAIAAoIEgAbwBzAHQAaQBuAGcAZQByACAASQBuAHQAZQByAG4AYQB0AGkAbwBuAGEAbAAgAEwAVABEACggNgAxACAATABvAHIAZABvAHUAIABWAGkAcgBvAG4AbwBzACAAcwB0AHIAZQBlAHQAKCA2ADAAMgAzACAATABhAHIAbgBhAGMAYQAoIEMAaAB5AHAAcgBlAFwAbgAiAH0ALAAiAEIAIgA6AHsAIgBDACIAOgAiAG4AbwByAG0AYQBsACIAfQB9ACwAewAiAEEAIgA6AHsAIgBBAD8AIgA6ACIAQQAiACwAIgBBACIAOgAiADIALgAgAEMATwBOAEQASQBUAEkATwBOAFMAIABHAMkATgDJAFIAQQBMAEUAUwAgAEQAGSBVAFQASQBMAEkAUwBBAFQASQBPAE4AIABEAFUAIABTAEkAVABFACAARQBUACAARABFAFMAIABTAEUAUgBWAEkAQwBFAFMAIABQAFIATwBQAE8AUwDJAFMALgAiAH0ALAAiAEIAIgA6AHsAIgBDACIAOgAiAGIAbwBsAGQAIgB9AH0ALAB7ACIAQQAiADoAewAiAEEAPwAiADoAIgBBACIALAAiAEEAIgA6ACIAXABuAEwAGSB1AHQAaQBsAGkAcwBhAHQAaQBvAG4AIABkAHUAIABzAGkAdABlACAAdwB3AHcALgB0AGgAYQBpAHYAYQBzAHMAZQB1AHIALgBjAG8AbQAgAGkAbQBwAGwAaQBxAHUAZQAgAGwAGSBhAGMAYwBlAHAAdABhAHQAaQBvAG4AIABwAGwAZQBpAG4AZQAgAGUAdAAgAGUAbgB0AGkA6AByAGUAIABkAGUAcwAgAGMAbwBuAGQAaQB0AGkAbwBuAHMAIABnAOkAbgDpAHIAYQBsAGUAcwAgAGQAGSB1AHQAaQBsAGkAcwBhAHQAaQBvAG4AIABjAGkALQBhAHAAcgDoAHMAIABkAOkAYwByAGkAdABlAHMALgAgAEMAZQBzACAAYwBvAG4AZABpAHQAaQBvAG4AcwAgAGQAGSB1AHQAaQBsAGkAcwBhAHQAaQBvAG4AIABzAG8AbgB0ACAAcwB1AHMAYwBlAHAAdABpAGIAbABlAHMAIABkABkg6gB0AHIAZQAgAG0AbwBkAGkAZgBpAOkAZQBzACAAbwB1ACAAYwBvAG0AcABsAOkAdADpAGUAcwAgAOAAIAB0AG8AdQB0ACAAbQBvAG0AZQBuAHQALAAgAGwAZQBzACAAdQB0AGkAbABpAHMAYQB0AGUAdQByAHMAIABkAHUAIABzAGkAdABlACAAdwB3AHcALgB0AGgAYQBpAHYAYQBzAHMAZQB1AHIALgBjAG8AbQAgAHMAbwBuAHQAIABkAG8AbgBjACAAaQBuAHYAaQB0AOkAcwAgAOAAIABsAGUAcwAgAGMAbwBuAHMAdQBsAHQAZQByACAAZABlACAAbQBhAG4AaQDoAHIAZQAgAHIA6QBnAHUAbABpAOgAcgBlAC4AXABuAEwAGSBlAG4AcwBlAG0AYgBsAGUAIABkAGUAcwAgAHQAZQB4AHQAZQBzACAAZQB0ACAAaQBtAGEAZwBlAHMAIABkAGkAcwBwAG8AbgBpAGIAbABlAHMAIABzAHUAcgAgAGwAZQAgAHMAaQB0AGUAIAB3AHcAdwAuAHQAaABhAGkAdgBhAHMAcwBlAHUAcgAuAGMAbwBtAHIAIABlAHMAdAAgAHAAcgBvAHQA6QBnAOkAIABwAGEAcgAgAGwAZQBzACAAbABvAGkAcwAgAGYAcgBhAG4A5wBhAGkAcwBlAHMAIABzAHUAcgAgAGwAYQAgAHAAcgBvAHAAcgBpAOkAdADpACAAaQBuAHQAZQBsAGwAZQBjAHQAdQBlAGwAbABlAC4AIABUAG8AdQB0AGUAIAByAGUAcAByAG8AZAB1AGMAdABpAG8AbgAsACAAbQDqAG0AZQAgAHAAYQByAHQAaQBlAGwAbABlACAAcABhAHIAIABxAHUAZQBsAHEAdQBlACAAcAByAG8AYwDpAGQA6QAgAHEAdQBlACAAYwBlACAAcwBvAGkAdAAgAGUAcwB0ACAAaQBuAHQAZQByAGQAaQB0AGUAIABzAGEAbgBzACAAYQB1AHQAbwByAGkAcwBhAHQAaQBvAG4AIABwAHIA6QBhAGwAYQBiAGwAZQAgAGUAdAAgAOkAYwByAGkAdABlACAAZABlACAATQBtAGUAIABWAEEAUwBTAEUAVQBSACAAVABoAGEA7wBzAC4AXABuAEwAGSBpAG0AcAByAGUAcwBzAGkAbwBuACAAcABvAHUAcgAgAHUAcwBhAGcAZQAgAHAAcgBpAHYA6QAgAGUAdAAgAGQAbwBjAHUAbQBlAG4AdABhAGkAcgBlACAAZQBzAHQAIABhAHUAdABvAHIAaQBzAOkAZQAuACAATABlAHMAIABpAG4AZgBvAHIAbQBhAHQAaQBvAG4AcwAgAGUAdAAgAHAAaABvAHQAbwBzACAAcwBvAG4AdAAgAHIA6QBwAHUAdADpAGUAcwAgAGUAeABhAGMAdABlAHMAIADgACAAbABhACAAZABhAHQAZQAgAGQAZQAgAGQAZQByAG4AaQDoAHIAZQAgAG0AaQBzAGUAIADgACAAagBvAHUAcgAgAGQAdQAgAHMAaQB0AGUAIABtAGEAaQBzACAAbgBlACAAcwBhAHUAcgBhAGkAZQBuAHQAIADqAHQAcgBlACAAZQB4AGUAbQBwAHQAZQBzACAAZAAZIGUAcgByAGUAdQByAHMAIAB0AHkAcABvAGcAcgBhAHAAaABpAHEAdQBlAHMAIABvAHUAIABkABkgbwBtAGkAcwBzAGkAbwBuAHMALgAgAEwAYQAgAHIAZQBzAHAAbwBuAHMAYQBiAGkAbABpAHQA6QAgAGQAZQAgAE0AbQBlACAAVgBBAFMAUwBFAFUAUgAgAFQAaABhAO8AcwAgAG4AZQAgAHMAYQB1AHIAYQBpAHQAIABlAG4AIABhAHUAYwB1AG4AIABjAGEAcwAgAOoAdAByAGUAIABlAG4AZwBhAGcA6QBlACAA4AAgAGMAZQB0ACAA6QBnAGEAcgBkAFwAbgAiAH0ALAAiAEIAIgA6AHsAIgBDACIAOgAiAG4AbwByAG0AYQBsACIAfQB9ACwAewAiAEEAIgA6AHsAIgBBAD8AIgA6ACIAQQAiACwAIgBBACIAOgAiADMALgAgAEQATwBOAE4AyQBFAFMAIABQAEUAUgBTAE8ATgBOAEUATABMAEUAUwAuACIAfQAsACIAQgAiADoAewAiAEMAIgA6ACIAYgBvAGwAZAAiAH0AfQAsAHsAIgBBACIAOgB7ACIAQQA\/ACIAOgAiAEEAIgAsACIAQQAiADoAIgBcAG4ARABhAG4AcwAgAHUAbgAgAHMAbwB1AGMAaQAgAGQAZQAgAHQAcgBhAG4AcwBwAGEAcgBlAG4AYwBlACAAZQB0ACAAZABlACAAcAByAG8AdABlAGMAdABpAG8AbgAgAGQAZQAgAHYAbwBzACAAZAByAG8AaQB0AHMALAAgAE0AbQBlACAAVgBBAFMAUwBFAFUAUgAgAFQAaABhAO8AcwAgAG4AZQAgAHMAZQAgAHAAcgBvAGMAdQByAGUAcgBhACAAcABhAHMAIABkAGUAcwAgAGkAbgBmAG8AcgBtAGEAdABpAG8AbgBzACAAcABlAHIAbQBlAHQAdABhAG4AdAAgAGQAZQAgAHYAbwB1AHMAIABpAGQAZQBuAHQAaQBmAGkAZQByACAAcABlAHIAcwBvAG4AbgBlAGwAbABlAG0AZQBuAHQAIABzAGEAdQBmACAA4AAgAGMAZQAgAHEAdQBlACAAdgBvAHUAcwAgAG4AbwB1AHMAIABsAGUAcwAgAGMAbwBtAG0AdQBuAGkAcQB1AGkAZQB6ACAAdgBvAGwAbwBuAHQAYQBpAHIAZQBtAGUAbgB0ACAAZQBuACAAcgBlAG0AcABsAGkAcwBzAGEAbgB0ACAAbABlAHMAIABmAG8AcgBtAHUAbABhAGkAcgBlAHMAIABmAGkAZwB1AHIAYQBuAHQAIABzAHUAcgAgAGwAZQAgAHMAaQB0AGUALAAgAGUAeABjAGUAcAB0AGkAbwBuACAAZgBhAGkAdABlACAAZABlAHMAIABhAGQAcgBlAHMAcwBlAHMAIABJAFAAIABkAGUAcwAgAHYAaQBzAGkAdABlAHUAcgBzACwAIABxAHUAaQAgAHMAbwBuAHQAIABlAG4AcgBlAGcAaQBzAHQAcgDpAGUAcwAgAGEAdQB0AG8AbQBhAHQAaQBxAHUAZQBtAGUAbgB0ACAAcABhAHIAIABuAG8AcwAgAHMAeQBzAHQA6ABtAGUAcwAgAGQAYQBuAHMAIABsAGUAcwAgAGwAbwBnAHMAIABzAGUAcgB2AGUAdQByAHMALgBcAG4AVgBvAHUAcwAgAGQAaQBzAHAAbwBzAGUAegAsACAAYwBvAG4AZgBvAHIAbQDpAG0AZQBuAHQAIADgACAAbABhACAAbABvAGkAIABuALAANwA4AC0AMQA3ACAAZABpAHQAZQAgAKsAIABJAG4AZgBvAHIAbQBhAHQAaQBxAHUAZQAgAGUAdAAgAEwAaQBiAGUAcgB0AOkAcwAgALsAIABkAHUAIAA2ACAAagBhAG4AdgBpAGUAcgAgADEAOQA3ADgALAAgAGQAGSB1AG4AIABkAHIAbwBpAHQAIABkABkgYQBjAGMA6ABzACwAIABkAGUAIAByAGUAYwB0AGkAZgBpAGMAYQB0AGkAbwBuACwAIABkAGUAIABtAG8AZABpAGYAaQBjAGEAdABpAG8AbgAsACAAZAAZIG8AcABwAG8AcwBpAHQAaQBvAG4AIABlAHQAIABkAGUAIABzAHUAcABwAHIAZQBzAHMAaQBvAG4AIABzAHUAcgAgAGwAZQBzACAAZABvAG4AbgDpAGUAcwAgAHYAbwB1AHMAIABjAG8AbgBjAGUAcgBuAGEAbgB0AC4AKCBWAG8AdQBzACAAcABvAHUAdgBlAHoAIABlAHgAZQByAGMAZQByACAAYwBlACAAZAByAG8AaQB0ACAAZQBuACAAbgBvAHUAcwAgAGMAbwBuAHQAYQBjAHQAYQBuAHQAIABwAGEAcgAgAGwAGSBpAG4AdABlAHIAbQDpAGQAaQBhAGkAcgBlACAAZABlACAAbgBvAHQAcgBlACAAZgBvAHIAbQB1AGwAYQBpAHIAZQAgAGQAZQAgAGMAbwBuAHQAYQBjAHQAIABvAHUAIADgACAAbAAnAGEAZAByAGUAcwBzAGUAIABtAGEAaQBsACAAOgAgAHQAaABhAGkAcwB2AGEAcwBzAGUAdQByAC4AZABpAGUAdABAAGcAbQBhAGkAbAAuAGMAbwBtAC4AIgB9ACwAIgBCACIAOgB7ACIAQwAiADoAIgBuAG8AcgBtAGEAbAAiAH0AfQAsAHsAIgBBACIAOgB7ACIAQQA\/ACIAOgAiAEEAIgAsACIAQQAiADoAIgBcAG4AIgB9ACwAIgBDACIAOgB7ACIAQwAiADoAdAByAHUAZQB9AH0AXQAsACIAQgAiADoAewAiADAARABIADAAagBjAHYAUQBDAHgAVQBMAHIAXwBKAHgAIgA6AHsAIgBCACIAOgAyADUAMgA1AH0AfQB9AH0A\"><\/span><\/p>\n<div style=\"line-height: 1.4; direction: ltr; text-align: left; margin-left: 0px;\">\n<p><span style=\"font-size: 18px; font-weight: 700; letter-spacing: 0em;\">1. PR\u00c9SENTATION DU SITE<\/span><\/p>\n<\/div>\n<div style=\"line-height: 1.4; direction: ltr; text-align: left; margin-left: 0px;\">\n<p><span style=\"font-size: 18px; letter-spacing: 0em;\">En vertu de l\u2019article 6 de la loi n\u00b0 2004-575 du 21 juin 2004 pour la confiance dans l\u2019\u00e9conomie num\u00e9rique, il est pr\u00e9cis\u00e9 aux utilisateurs du site www.thaivasseur.com l\u2019identit\u00e9 des diff\u00e9rents intervenants dans le cadre de sa r\u00e9alisation et de son suivi :<\/span><\/p>\n<\/div>\n<div style=\"line-height: 1.4; direction: ltr; text-align: left; margin-left: 0px;\">\n<p><span style=\"font-size: 18px; letter-spacing: 0em;\">Propri\u00e9taire : Entreprise individuelle, dont le G\u00e9rant est Mme VASSEUR Tha\u00efs, di\u00e9t\u00e9ticienne-nutritionniste dipl\u00f4m\u00e9e.<br>Num\u00e9ro Adeli : 339508525. Num\u00e9ro de SIRET :&nbsp;<\/span><span style=\"font-size: 18px;\">98521028500013. N<\/span><span style=\"font-size: 18px; letter-spacing: 0em; font-style: inherit; font-weight: inherit;\">um\u00e9ro de t\u00e9l\u00e9phone : 0779855516 et adresse mail : thaisvasseur.diet@gmail.com.<\/span><\/p>\n<\/div>\n<div style=\"line-height: 1.4; direction: ltr; text-align: left; margin-left: 0px;\">\n<p><span style=\"font-size: 18px; letter-spacing: 0em;\">Cr\u00e9ateur du site : VASSEUR Tha\u00efs<\/span><\/p>\n<\/div>\n<div style=\"line-height: 1.4; direction: ltr; text-align: left; margin-left: 0px;\">\n<p><span style=\"font-size: 18px; letter-spacing: 0em;\">Responsable publication : VASSEUR Tha\u00efs<\/span><\/p>\n<\/div>\n<div style=\"line-height: 1.4; direction: ltr; text-align: left; margin-left: 0px;\">\n<p><span style=\"font-size: 18px; letter-spacing: 0em;\">Cr\u00e9dits photos : VASSEUR Tha\u00efs \/ banque d&#8217;images libres de droits<\/span><\/p>\n<\/div>\n<div style=\"line-height: 1.4; direction: ltr; text-align: left; margin-left: 0px;\">\n<p><span style=\"font-size: 18px; letter-spacing: 0em;\">H\u00e9bergeur : <\/span><br><span style=\"font-size: 18px; letter-spacing: 0em;\">Hostinger International LTD<\/span><br><span style=\"font-size: 18px; letter-spacing: 0em;\">61 Lordou Vironos street<\/span><br><span style=\"font-size: 18px; letter-spacing: 0em;\">6023 Larnaca<\/span><br><span style=\"font-size: 18px; letter-spacing: 0em;\">Chypre<\/span><\/p>\n<\/div>\n<div style=\"line-height: 1.4; direction: ltr; text-align: left; margin-left: 0px;\">\n<p><span style=\"font-size: 18px; font-weight: 700; letter-spacing: 0em;\">2. CONDITIONS G\u00c9N\u00c9RALES D\u2019UTILISATION DU SITE ET DES SERVICES PROPOS\u00c9S.<\/span><\/p>\n<\/div>\n<div style=\"line-height: 1.4; direction: ltr; text-align: left; margin-left: 0px;\">\n<p><span style=\"font-size: 18px; letter-spacing: 0em;\">L\u2019utilisation du site www.thaivasseur.com implique l\u2019acceptation pleine et enti\u00e8re des conditions g\u00e9n\u00e9rales d\u2019utilisation ci-apr\u00e8s d\u00e9crites. Ces conditions d\u2019utilisation sont susceptibles d\u2019\u00eatre modifi\u00e9es ou compl\u00e9t\u00e9es \u00e0 tout moment, les utilisateurs du site www.thaivasseur.com sont donc invit\u00e9s \u00e0 les consulter de mani\u00e8re r\u00e9guli\u00e8re.<\/span><\/p>\n<\/div>\n<div style=\"line-height: 1.4; direction: ltr; text-align: left; margin-left: 0px;\">\n<p><span style=\"font-size: 18px; letter-spacing: 0em;\">L\u2019ensemble des textes et images disponibles sur le site www.thaivasseur.com sont prot\u00e9g\u00e9s par les lois fran\u00e7aises sur la propri\u00e9t\u00e9 intellectuelle. Toute reproduction, m\u00eame partielle par quelque proc\u00e9d\u00e9 que ce soit est interdite sans autorisation pr\u00e9alable et \u00e9crite de Mme VASSEUR Tha\u00efs.<\/span><\/p>\n<\/div>\n<div style=\"line-height: 1.4; direction: ltr; text-align: left; margin-left: 0px;\">\n<p><span style=\"font-size: 18px; letter-spacing: 0em;\">L\u2019impression pour usage priv\u00e9 et documentaire est autoris\u00e9e. Les informations et photos sont r\u00e9put\u00e9es exactes \u00e0 la date de derni\u00e8re mise \u00e0 jour du site mais ne sauraient \u00eatre exemptes d\u2019erreurs typographiques ou d\u2019omissions. La responsabilit\u00e9 de Mme VASSEUR Tha\u00efs ne saurait en aucun cas \u00eatre engag\u00e9e \u00e0 cet \u00e9gard<\/span><\/p>\n<\/div>\n<div style=\"line-height: 1.4; direction: ltr; text-align: left; margin-left: 0px;\">\n<p><span style=\"font-size: 18px; font-weight: 700; letter-spacing: 0em;\">3. DONN\u00c9ES PERSONNELLES.<\/span><\/p>\n<\/div>\n<div style=\"line-height: 1.4; direction: ltr; text-align: left; margin-left: 0px;\">\n<p><span style=\"font-size: 18px; letter-spacing: 0em;\">Dans un souci de transparence et de protection de vos droits, Mme VASSEUR Tha\u00efs ne se procurera pas des informations permettant de vous identifier personnellement sauf \u00e0 ce que vous nous les communiquiez volontairement en remplissant les formulaires figurant sur le site, exception faite des adresses IP des visiteurs, qui sont enregistr\u00e9es automatiquement par nos syst\u00e8mes dans les logs serveurs.<\/span><\/p>\n<\/div>\n<div style=\"line-height: 1.4; direction: ltr; text-align: left; margin-left: 0px;\">\n<p><span style=\"font-size: 18px; letter-spacing: 0em;\">Vous disposez, conform\u00e9ment \u00e0 la loi n\u00b078-17 dite \u00ab Informatique et Libert\u00e9s \u00bb du 6 janvier 1978, d\u2019un droit d\u2019acc\u00e8s, de rectification, de modification, d\u2019opposition et de suppression sur les donn\u00e9es vous concernant.<\/span><br><span style=\"font-size: 18px; letter-spacing: 0em;\">Vous pouvez exercer ce droit en nous contactant par l\u2019interm\u00e9diaire de notre formulaire de contact ou \u00e0 l&#8217;adresse mail : thaisvasseur.diet@gmail.com.<\/span><\/p>\n<\/div>\n<\/div>\t\t\t\t\t\t\t\t<\/div>\n\t\t\t\t<\/div>\n\t\t\t\t\t<\/div>\n\t\t<\/div>\n\t\t\t\t\t<\/div>\n\t\t<\/section>\n\t\t\t\t<\/div>\n\t\t","protected":false},"excerpt":{"rendered":"<p>Mentions l\u00e9gales 1. PR\u00c9SENTATION DU SITE En vertu de l\u2019article 6 de la loi n\u00b0 2004-575 du 21 juin 2004 pour la confiance dans l\u2019\u00e9conomie num\u00e9rique, il est pr\u00e9cis\u00e9 aux utilisateurs du site www.thaivasseur.com l\u2019identit\u00e9 des diff\u00e9rents intervenants dans le cadre de sa r\u00e9alisation et de son suivi : Propri\u00e9taire : Entreprise individuelle, dont le G\u00e9rant est Mme VASSEUR Tha\u00efs, di\u00e9t\u00e9ticienne-nutritionniste dipl\u00f4m\u00e9e.Num\u00e9ro Adeli : 339508525. Num\u00e9ro de SIRET :&nbsp;98521028500013. Num\u00e9ro de t\u00e9l\u00e9phone : 0779855516 et adresse mail : thaisvasseur.diet@gmail.com. Cr\u00e9ateur du site : VASSEUR Tha\u00efs Responsable publication : VASSEUR Tha\u00efs Cr\u00e9dits photos : VASSEUR Tha\u00efs \/ banque d&#8217;images libres de droits H\u00e9bergeur : Hostinger International LTD61 Lordou Vironos street6023 LarnacaChypre 2. CONDITIONS G\u00c9N\u00c9RALES D\u2019UTILISATION DU SITE ET DES SERVICES PROPOS\u00c9S. L\u2019utilisation du site www.thaivasseur.com implique l\u2019acceptation pleine et enti\u00e8re des conditions g\u00e9n\u00e9rales d\u2019utilisation ci-apr\u00e8s d\u00e9crites. Ces conditions d\u2019utilisation sont susceptibles d\u2019\u00eatre modifi\u00e9es ou compl\u00e9t\u00e9es \u00e0 tout moment, les utilisateurs du site www.thaivasseur.com sont donc invit\u00e9s \u00e0 les consulter de mani\u00e8re r\u00e9guli\u00e8re. L\u2019ensemble des textes et images disponibles sur le site www.thaivasseur.com sont prot\u00e9g\u00e9s par les lois fran\u00e7aises sur la propri\u00e9t\u00e9 intellectuelle. Toute reproduction, m\u00eame partielle par quelque proc\u00e9d\u00e9 que ce soit est interdite sans autorisation pr\u00e9alable et \u00e9crite de Mme VASSEUR Tha\u00efs. L\u2019impression pour usage priv\u00e9 et documentaire est autoris\u00e9e. Les informations et photos sont r\u00e9put\u00e9es exactes \u00e0 la date de derni\u00e8re mise \u00e0 jour du site mais ne sauraient \u00eatre exemptes d\u2019erreurs typographiques ou d\u2019omissions. La responsabilit\u00e9 de Mme VASSEUR Tha\u00efs ne saurait en aucun cas \u00eatre engag\u00e9e \u00e0 cet \u00e9gard 3. DONN\u00c9ES PERSONNELLES. Dans un souci de transparence et de protection de vos droits, Mme VASSEUR Tha\u00efs ne se procurera pas des informations permettant de vous identifier personnellement sauf \u00e0 ce que vous nous les communiquiez volontairement en remplissant les formulaires figurant sur le site, exception faite des adresses IP des visiteurs, qui sont enregistr\u00e9es automatiquement par nos syst\u00e8mes dans les logs serveurs. Vous disposez, conform\u00e9ment \u00e0 la loi n\u00b078-17 dite \u00ab Informatique et Libert\u00e9s \u00bb du 6 janvier 1978, d\u2019un droit d\u2019acc\u00e8s, de rectification, de modification, d\u2019opposition et de suppression sur les donn\u00e9es vous concernant.Vous pouvez exercer ce droit en nous contactant par l\u2019interm\u00e9diaire de notre formulaire de contact ou \u00e0 l&#8217;adresse mail : thaisvasseur.diet@gmail.com.<\/p>\n","protected":false},"author":1,"featured_media":0,"parent":0,"menu_order":0,"comment_status":"closed","ping_status":"closed","template":"","meta":{"site-sidebar-layout":"no-sidebar","site-content-layout":"","ast-site-content-layout":"full-width-container","site-content-style":"default","site-sidebar-style":"default","ast-global-header-display":"","ast-banner-title-visibility":"","ast-main-header-display":"","ast-hfb-above-header-display":"","ast-hfb-below-header-display":"","ast-hfb-mobile-header-display":"","site-post-title":"disabled","ast-breadcrumbs-content":"","ast-featured-img":"disabled","footer-sml-layout":"","theme-transparent-header-meta":"","adv-header-id-meta":"","stick-header-meta":"","header-above-stick-meta":"","header-main-stick-meta":"","header-below-stick-meta":"","astra-migrate-meta-layouts":"default","ast-page-background-enabled":"default","ast-page-background-meta":{"desktop":{"background-color":"var(--ast-global-color-4)","background-image":"","background-repeat":"repeat","background-position":"center center","background-size":"auto","background-attachment":"scroll","background-type":"","background-media":"","overlay-type":"","overlay-color":"","overlay-opacity":"","overlay-gradient":""},"tablet":{"background-color":"","background-image":"","background-repeat":"repeat","background-position":"center center","background-size":"auto","background-attachment":"scroll","background-type":"","background-media":"","overlay-type":"","overlay-color":"","overlay-opacity":"","overlay-gradient":""},"mobile":{"background-color":"","background-image":"","background-repeat":"repeat","background-position":"center center","background-size":"auto","background-attachment":"scroll","background-type":"","background-media":"","overlay-type":"","overlay-color":"","overlay-opacity":"","overlay-gradient":""}},"ast-content-background-meta":{"desktop":{"background-color":"var(--ast-global-color-5)","background-image":"","background-repeat":"repeat","background-position":"center center","background-size":"auto","background-attachment":"scroll","background-type":"","background-media":"","overlay-type":"","overlay-color":"","overlay-opacity":"","overlay-gradient":""},"tablet":{"background-color":"var(--ast-global-color-5)","background-image":"","background-repeat":"repeat","background-position":"center center","background-size":"auto","background-attachment":"scroll","background-type":"","background-media":"","overlay-type":"","overlay-color":"","overlay-opacity":"","overlay-gradient":""},"mobile":{"background-color":"var(--ast-global-color-5)","background-image":"","background-repeat":"repeat","background-position":"center center","background-size":"auto","background-attachment":"scroll","background-type":"","background-media":"","overlay-type":"","overlay-color":"","overlay-opacity":"","overlay-gradient":""}},"_themeisle_gutenberg_block_has_review":false,"footnotes":""},"class_list":["post-1606","page","type-page","status-publish","hentry"],"_links":{"self":[{"href":"https:\/\/thaisvasseur.com\/index.php\/wp-json\/wp\/v2\/pages\/1606","targetHints":{"allow":["GET"]}}],"collection":[{"href":"https:\/\/thaisvasseur.com\/index.php\/wp-json\/wp\/v2\/pages"}],"about":[{"href":"https:\/\/thaisvasseur.com\/index.php\/wp-json\/wp\/v2\/types\/page"}],"author":[{"embeddable":true,"href":"https:\/\/thaisvasseur.com\/index.php\/wp-json\/wp\/v2\/users\/1"}],"replies":[{"embeddable":true,"href":"https:\/\/thaisvasseur.com\/index.php\/wp-json\/wp\/v2\/comments?post=1606"}],"version-history":[{"count":20,"href":"https:\/\/thaisvasseur.com\/index.php\/wp-json\/wp\/v2\/pages\/1606\/revisions"}],"predecessor-version":[{"id":1779,"href":"https:\/\/thaisvasseur.com\/index.php\/wp-json\/wp\/v2\/pages\/1606\/revisions\/1779"}],"wp:attachment":[{"href":"https:\/\/thaisvasseur.com\/index.php\/wp-json\/wp\/v2\/media?parent=1606"}],"curies":[{"name":"wp","href":"https:\/\/api.w.org\/{rel}","templated":true}]}}