{"id":33,"date":"2023-12-12T14:06:11","date_gmt":"2023-12-12T13:06:11","guid":{"rendered":"https:\/\/thaisvasseur.com\/?page_id=33"},"modified":"2024-08-30T12:00:48","modified_gmt":"2024-08-30T10:00:48","slug":"qui-suis-je","status":"publish","type":"page","link":"https:\/\/thaisvasseur.com\/index.php\/qui-suis-je\/","title":{"rendered":"Qui suis-je ?"},"content":{"rendered":"\t\t<div data-elementor-type=\"wp-page\" data-elementor-id=\"33\" class=\"elementor elementor-33\">\n\t\t\t\t\t\t<section class=\"elementor-section elementor-top-section elementor-element elementor-element-166a6e920 elementor-section-full_width elementor-section-stretched elementor-section-height-min-height elementor-section-height-default elementor-section-items-middle wpr-particle-no wpr-jarallax-no wpr-parallax-no wpr-sticky-section-no\" data-id=\"166a6e920\" data-element_type=\"section\" data-settings=\"{&quot;background_background&quot;:&quot;classic&quot;,&quot;stretch_section&quot;:&quot;section-stretched&quot;}\">\n\t\t\t\t\t\t\t<div class=\"elementor-background-overlay\"><\/div>\n\t\t\t\t\t\t\t<div class=\"elementor-container elementor-column-gap-default\">\n\t\t\t\t\t<div class=\"elementor-column elementor-col-100 elementor-top-column elementor-element elementor-element-3f222449\" data-id=\"3f222449\" data-element_type=\"column\">\n\t\t\t<div class=\"elementor-widget-wrap elementor-element-populated\">\n\t\t\t\t\t\t<div class=\"elementor-element elementor-element-729b112a elementor-widget elementor-widget-heading\" data-id=\"729b112a\" data-element_type=\"widget\" data-widget_type=\"heading.default\">\n\t\t\t\t<div class=\"elementor-widget-container\">\n\t\t\t\t\t<h2 class=\"elementor-heading-title elementor-size-default\">Qui suis-je ?<\/h2>\t\t\t\t<\/div>\n\t\t\t\t<\/div>\n\t\t\t\t\t<\/div>\n\t\t<\/div>\n\t\t\t\t\t<\/div>\n\t\t<\/section>\n\t\t\t\t<section class=\"elementor-section elementor-top-section elementor-element elementor-element-4b88403d elementor-section-boxed elementor-section-height-default elementor-section-height-default wpr-particle-no wpr-jarallax-no wpr-parallax-no wpr-sticky-section-no\" data-id=\"4b88403d\" data-element_type=\"section\">\n\t\t\t\t\t\t<div class=\"elementor-container elementor-column-gap-default\">\n\t\t\t\t\t<div class=\"elementor-column elementor-col-50 elementor-top-column elementor-element elementor-element-60d5b3ff\" data-id=\"60d5b3ff\" data-element_type=\"column\">\n\t\t\t<div class=\"elementor-widget-wrap elementor-element-populated\">\n\t\t\t\t\t\t<div class=\"elementor-element elementor-element-40f4775b elementor-widget-divider--view-line elementor-widget elementor-widget-divider\" data-id=\"40f4775b\" data-element_type=\"widget\" data-widget_type=\"divider.default\">\n\t\t\t\t<div class=\"elementor-widget-container\">\n\t\t\t\t\t\t\t<div class=\"elementor-divider\">\n\t\t\t<span class=\"elementor-divider-separator\">\n\t\t\t\t\t\t<\/span>\n\t\t<\/div>\n\t\t\t\t\t\t<\/div>\n\t\t\t\t<\/div>\n\t\t\t\t<div class=\"elementor-element elementor-element-384abc81 elementor-widget elementor-widget-text-editor\" data-id=\"384abc81\" data-element_type=\"widget\" data-widget_type=\"text-editor.default\">\n\t\t\t\t<div class=\"elementor-widget-container\">\n\t\t\t\t\t\t\t\t\t<div><div style=\"line-height: 1.4; direction: ltr; margin-left: 0px;\"><p><span style=\"font-size: 16px; color: #000000; letter-spacing: 0em;\"><img decoding=\"async\" class=\"alignleft wp-image-745 size-full\" src=\"https:\/\/thaisvasseur.com\/wp-content\/uploads\/2023\/12\/icons8-guillemet-50-e1708768576823.png\" alt=\"\" width=\"50\" height=\"50\" \/>Je m\u2019appelle Thais Vasseur, je suis originaire de la Martinique et je suis di\u00e9t\u00e9ticienne-nutritionniste dipl\u00f4m\u00e9e depuis Octobre 2021. En classe de 3\u00e8me j\u2019ai commenc\u00e9 \u00e0 m\u2019interroger sur mon futur m\u00e9tier, passionn\u00e9e de cuisine, mes parents ont eu un r\u00f4le essentiel car ils ont toujours veill\u00e9s \u00e0 ce que l\u2019on mange correctement \u00e0 la maison, on aimait aller faire les courses et cuisiner ensemble. J\u2019\u00e9tais curieuse de savoir comment l\u2019alimentation pouvait augmenter mon esp\u00e9rance de vie, il m\u2019a alors paru \u00e9vident que je devienne di\u00e9t\u00e9ticienne. <\/span><\/p><\/div><div style=\"line-height: 1.4; direction: ltr; margin-left: 0px;\"><p><span style=\"font-size: 16px; color: #000000; letter-spacing: 0em;\">On me demande souvent si ma fa\u00e7on de manger \u00e0 chang\u00e9 depuis mes \u00e9tudes, la r\u00e9ponse est OUI \u00e9videmment mais pas toujours pour les raisons auxquelles on peut s\u2019attendre. J\u2019ai appris \u00e0 savoir ce dont mon corps avait besoin et j\u2019ai modifi\u00e9 mon alimentation en cons\u00e9quence. J\u2019ai \u00e9galement compris qu\u2019il est important de s\u2019\u00e9couter, de se faire plaisir et de ne pas culpabiliser \u00e0 chaque \u00e9cart. Aujourd\u2019hui j\u2019ai trouv\u00e9 un \u00e9quilibre, qui ne va peut-\u00eatre pas correspondre \u00e0 d\u2019autres mais c\u2019est celui qui me convient, et mon objectif est de vous aider \u00e0 trouver le v\u00f4tre car savoir bien manger est une chose mais r\u00e9ussir \u00e0 l\u2019appliquer de fa\u00e7on constante et en prenant du plaisir en est une autre. <img decoding=\"async\" class=\"alignright\" src=\"https:\/\/thaisvasseur.com\/wp-content\/uploads\/2023\/12\/icons8-guillemet-50.png\" \/><br \/><\/span><\/p><\/div><\/div>\t\t\t\t\t\t\t\t<\/div>\n\t\t\t\t<\/div>\n\t\t\t\t<div class=\"elementor-element elementor-element-47910f6a wpr-button-icon-style-inline wpr-button-icon-position-right elementor-widget elementor-widget-wpr-button\" data-id=\"47910f6a\" data-element_type=\"widget\" data-widget_type=\"wpr-button.default\">\n\t\t\t\t<div class=\"elementor-widget-container\">\n\t\t\t\t\t\t\n\t\n\t\t\t\t\t<\/div>\n\t\t\t\t<\/div>\n\t\t\t\t\t<\/div>\n\t\t<\/div>\n\t\t\t\t<div class=\"elementor-column elementor-col-50 elementor-top-column elementor-element elementor-element-7e6ecf95\" data-id=\"7e6ecf95\" data-element_type=\"column\">\n\t\t\t<div class=\"elementor-widget-wrap elementor-element-populated\">\n\t\t\t\t\t\t<div class=\"elementor-element elementor-element-57c64de e-transform elementor-widget elementor-widget-image\" data-id=\"57c64de\" data-element_type=\"widget\" data-settings=\"{&quot;_transform_translateX_effect&quot;:{&quot;unit&quot;:&quot;px&quot;,&quot;size&quot;:0,&quot;sizes&quot;:[]},&quot;_transform_translateY_effect&quot;:{&quot;unit&quot;:&quot;px&quot;,&quot;size&quot;:13,&quot;sizes&quot;:[]},&quot;_transform_translateX_effect_tablet&quot;:{&quot;unit&quot;:&quot;px&quot;,&quot;size&quot;:&quot;&quot;,&quot;sizes&quot;:[]},&quot;_transform_translateX_effect_mobile&quot;:{&quot;unit&quot;:&quot;px&quot;,&quot;size&quot;:&quot;&quot;,&quot;sizes&quot;:[]},&quot;_transform_translateY_effect_tablet&quot;:{&quot;unit&quot;:&quot;px&quot;,&quot;size&quot;:&quot;&quot;,&quot;sizes&quot;:[]},&quot;_transform_translateY_effect_mobile&quot;:{&quot;unit&quot;:&quot;px&quot;,&quot;size&quot;:&quot;&quot;,&quot;sizes&quot;:[]}}\" data-widget_type=\"image.default\">\n\t\t\t\t<div class=\"elementor-widget-container\">\n\t\t\t\t\t\t\t\t\t\t\t\t\t\t\t<img fetchpriority=\"high\" decoding=\"async\" width=\"768\" height=\"1024\" src=\"https:\/\/thaisvasseur.com\/wp-content\/uploads\/2024\/08\/IMG_5542-768x1024.jpg\" class=\"attachment-large size-large wp-image-1824\" alt=\"\" srcset=\"https:\/\/thaisvasseur.com\/wp-content\/uploads\/2024\/08\/IMG_5542-768x1024.jpg 768w, https:\/\/thaisvasseur.com\/wp-content\/uploads\/2024\/08\/IMG_5542-225x300.jpg 225w, https:\/\/thaisvasseur.com\/wp-content\/uploads\/2024\/08\/IMG_5542-1152x1536.jpg 1152w, https:\/\/thaisvasseur.com\/wp-content\/uploads\/2024\/08\/IMG_5542-1536x2048.jpg 1536w, https:\/\/thaisvasseur.com\/wp-content\/uploads\/2024\/08\/IMG_5542-scaled.jpg 1920w\" sizes=\"(max-width: 768px) 100vw, 768px\" \/>\t\t\t\t\t\t\t\t\t\t\t\t\t\t\t<\/div>\n\t\t\t\t<\/div>\n\t\t\t\t\t<\/div>\n\t\t<\/div>\n\t\t\t\t\t<\/div>\n\t\t<\/section>\n\t\t\t\t<section class=\"elementor-section elementor-top-section elementor-element elementor-element-61e7e0b0 elementor-section-boxed elementor-section-height-default elementor-section-height-default wpr-particle-no wpr-jarallax-no wpr-parallax-no wpr-sticky-section-no\" data-id=\"61e7e0b0\" data-element_type=\"section\">\n\t\t\t\t\t\t<div class=\"elementor-container elementor-column-gap-wide\">\n\t\t\t\t\t<div class=\"elementor-column elementor-col-50 elementor-top-column elementor-element elementor-element-c73f800\" data-id=\"c73f800\" data-element_type=\"column\">\n\t\t\t<div class=\"elementor-widget-wrap elementor-element-populated\">\n\t\t\t\t\t\t<div class=\"elementor-element elementor-element-43e56a30 wpr-promo-box-style-cover elementor-widget elementor-widget-wpr-promo-box\" data-id=\"43e56a30\" data-element_type=\"widget\" data-widget_type=\"wpr-promo-box.default\">\n\t\t\t\t<div class=\"elementor-widget-container\">\n\t\t\t\t\t\n\t\t<div class=\"wpr-promo-box wpr-animation-wrap\">\n\n\t\t\t\t\t\t\t\n\t\t\t\t\t\t\t<div class=\"wpr-promo-box-image\">\n\t\t\t\t\t<div class=\"wpr-promo-box-bg-image wpr-bg-anim-none wpr-anim-timing-ease-default\" style=\"background-image:url(https:\/\/thaisvasseur.com\/wp-content\/uploads\/2023\/12\/pexels-pixabay-349758-scaled.jpg);\"><\/div>\n\t\t\t\t\t<div class=\"wpr-promo-box-bg-overlay wpr-border-anim-none\"><\/div>\n\t\t\t\t<\/div>\n\t\t\t\t\t\t\n\t\t\t<div class=\"wpr-promo-box-content\">\n\n\t\t\t\t\t\t\t\t<div class=\"wpr-promo-box-icon\">\n\t\t\t\t\t\t\t\t\t<\/div>\n\t\t\t\t\n\t\t\t\t\n\t\t\t\t\n\t\t\t\t\t\t\t<\/div>\n\n\t\t\t\t\t<\/div>\n\n\t\t\t\t\t\t<\/div>\n\t\t\t\t<\/div>\n\t\t\t\t\t<\/div>\n\t\t<\/div>\n\t\t\t\t<div class=\"elementor-column elementor-col-50 elementor-top-column elementor-element elementor-element-360706f5\" data-id=\"360706f5\" data-element_type=\"column\">\n\t\t\t<div class=\"elementor-widget-wrap elementor-element-populated\">\n\t\t\t\t\t\t<div class=\"elementor-element elementor-element-75ef23e4 elementor-widget-divider--view-line elementor-widget elementor-widget-divider\" data-id=\"75ef23e4\" data-element_type=\"widget\" data-widget_type=\"divider.default\">\n\t\t\t\t<div class=\"elementor-widget-container\">\n\t\t\t\t\t\t\t<div class=\"elementor-divider\">\n\t\t\t<span class=\"elementor-divider-separator\">\n\t\t\t\t\t\t<\/span>\n\t\t<\/div>\n\t\t\t\t\t\t<\/div>\n\t\t\t\t<\/div>\n\t\t\t\t<div class=\"elementor-element elementor-element-3243a43c elementor-widget elementor-widget-text-editor\" data-id=\"3243a43c\" data-element_type=\"widget\" data-widget_type=\"text-editor.default\">\n\t\t\t\t<div class=\"elementor-widget-container\">\n\t\t\t\t\t\t\t\t\t<p><strong>Dipl\u00f4mes obtenus :&nbsp;<\/strong><\/p>\t\t\t\t\t\t\t\t<\/div>\n\t\t\t\t<\/div>\n\t\t\t\t<div class=\"elementor-element elementor-element-6df90d9a elementor-list-item-link-full_width elementor-widget elementor-widget-icon-list\" data-id=\"6df90d9a\" data-element_type=\"widget\" data-widget_type=\"icon-list.default\">\n\t\t\t\t<div class=\"elementor-widget-container\">\n\t\t\t\t\t\t\t<ul class=\"elementor-icon-list-items\">\n\t\t\t\t\t\t\t<li class=\"elementor-icon-list-item\">\n\t\t\t\t\t\t\t\t\t\t\t<span class=\"elementor-icon-list-icon\">\n\t\t\t\t\t\t\t<svg aria-hidden=\"true\" class=\"e-font-icon-svg e-fas-check\" viewBox=\"0 0 512 512\" xmlns=\"http:\/\/www.w3.org\/2000\/svg\"><path d=\"M173.898 439.404l-166.4-166.4c-9.997-9.997-9.997-26.206 0-36.204l36.203-36.204c9.997-9.998 26.207-9.998 36.204 0L192 312.69 432.095 72.596c9.997-9.997 26.207-9.997 36.204 0l36.203 36.204c9.997 9.997 9.997 26.206 0 36.204l-294.4 294.401c-9.998 9.997-26.207 9.997-36.204-.001z\"><\/path><\/svg>\t\t\t\t\t\t<\/span>\n\t\t\t\t\t\t\t\t\t\t<span class=\"elementor-icon-list-text\">BTS di\u00e9t\u00e9tique obtenu en 2021 \u00e0 Esarc Evolution \u00e0 Bordeaux.<\/span>\n\t\t\t\t\t\t\t\t\t<\/li>\n\t\t\t\t\t\t\t\t<li class=\"elementor-icon-list-item\">\n\t\t\t\t\t\t\t\t\t\t\t<span class=\"elementor-icon-list-icon\">\n\t\t\t\t\t\t\t<svg aria-hidden=\"true\" class=\"e-font-icon-svg e-fas-check\" viewBox=\"0 0 512 512\" xmlns=\"http:\/\/www.w3.org\/2000\/svg\"><path d=\"M173.898 439.404l-166.4-166.4c-9.997-9.997-9.997-26.206 0-36.204l36.203-36.204c9.997-9.998 26.207-9.998 36.204 0L192 312.69 432.095 72.596c9.997-9.997 26.207-9.997 36.204 0l36.203 36.204c9.997 9.997 9.997 26.206 0 36.204l-294.4 294.401c-9.998 9.997-26.207 9.997-36.204-.001z\"><\/path><\/svg>\t\t\t\t\t\t<\/span>\n\t\t\t\t\t\t\t\t\t\t<span class=\"elementor-icon-list-text\">Bac scientifique obtenu en 2019 au lyc\u00e9e Joseph-Zobel en Martinique.<\/span>\n\t\t\t\t\t\t\t\t\t<\/li>\n\t\t\t\t\t\t<\/ul>\n\t\t\t\t\t\t<\/div>\n\t\t\t\t<\/div>\n\t\t\t\t\t<\/div>\n\t\t<\/div>\n\t\t\t\t\t<\/div>\n\t\t<\/section>\n\t\t\t\t<\/div>\n\t\t","protected":false},"excerpt":{"rendered":"<p>Qui suis-je ? Je m\u2019appelle Thais Vasseur, je suis originaire de la Martinique et je suis di\u00e9t\u00e9ticienne-nutritionniste dipl\u00f4m\u00e9e depuis Octobre 2021. En classe de 3\u00e8me j\u2019ai commenc\u00e9 \u00e0 m\u2019interroger sur mon futur m\u00e9tier, passionn\u00e9e de cuisine, mes parents ont eu un r\u00f4le essentiel car ils ont toujours veill\u00e9s \u00e0 ce que l\u2019on mange correctement \u00e0 la maison, on aimait aller faire les courses et cuisiner ensemble. J\u2019\u00e9tais curieuse de savoir comment l\u2019alimentation pouvait augmenter mon esp\u00e9rance de vie, il m\u2019a alors paru \u00e9vident que je devienne di\u00e9t\u00e9ticienne. On me demande souvent si ma fa\u00e7on de manger \u00e0 chang\u00e9 depuis mes \u00e9tudes, la r\u00e9ponse est OUI \u00e9videmment mais pas toujours pour les raisons auxquelles on peut s\u2019attendre. J\u2019ai appris \u00e0 savoir ce dont mon corps avait besoin et j\u2019ai modifi\u00e9 mon alimentation en cons\u00e9quence. J\u2019ai \u00e9galement compris qu\u2019il est important de s\u2019\u00e9couter, de se faire plaisir et de ne pas culpabiliser \u00e0 chaque \u00e9cart. Aujourd\u2019hui j\u2019ai trouv\u00e9 un \u00e9quilibre, qui ne va peut-\u00eatre pas correspondre \u00e0 d\u2019autres mais c\u2019est celui qui me convient, et mon objectif est de vous aider \u00e0 trouver le v\u00f4tre car savoir bien manger est une chose mais r\u00e9ussir \u00e0 l\u2019appliquer de fa\u00e7on constante et en prenant du plaisir en est une autre. Dipl\u00f4mes obtenus :&nbsp; BTS di\u00e9t\u00e9tique obtenu en 2021 \u00e0 Esarc Evolution \u00e0 Bordeaux. Bac scientifique obtenu en 2019 au lyc\u00e9e Joseph-Zobel en Martinique.<\/p>\n","protected":false},"author":1,"featured_media":0,"parent":0,"menu_order":0,"comment_status":"closed","ping_status":"closed","template":"","meta":{"site-sidebar-layout":"default","site-content-layout":"","ast-site-content-layout":"default","site-content-style":"default","site-sidebar-style":"default","ast-global-header-display":"","ast-banner-title-visibility":"","ast-main-header-display":"","ast-hfb-above-header-display":"","ast-hfb-below-header-display":"","ast-hfb-mobile-header-display":"","site-post-title":"","ast-breadcrumbs-content":"","ast-featured-img":"","footer-sml-layout":"","theme-transparent-header-meta":"","adv-header-id-meta":"","stick-header-meta":"","header-above-stick-meta":"","header-main-stick-meta":"","header-below-stick-meta":"","astra-migrate-meta-layouts":"default","ast-page-background-enabled":"default","ast-page-background-meta":{"desktop":{"background-color":"var(--ast-global-color-4)","background-image":"","background-repeat":"repeat","background-position":"center center","background-size":"auto","background-attachment":"scroll","background-type":"","background-media":"","overlay-type":"","overlay-color":"","overlay-opacity":"","overlay-gradient":""},"tablet":{"background-color":"","background-image":"","background-repeat":"repeat","background-position":"center center","background-size":"auto","background-attachment":"scroll","background-type":"","background-media":"","overlay-type":"","overlay-color":"","overlay-opacity":"","overlay-gradient":""},"mobile":{"background-color":"","background-image":"","background-repeat":"repeat","background-position":"center center","background-size":"auto","background-attachment":"scroll","background-type":"","background-media":"","overlay-type":"","overlay-color":"","overlay-opacity":"","overlay-gradient":""}},"ast-content-background-meta":{"desktop":{"background-color":"var(--ast-global-color-5)","background-image":"","background-repeat":"repeat","background-position":"center center","background-size":"auto","background-attachment":"scroll","background-type":"","background-media":"","overlay-type":"","overlay-color":"","overlay-opacity":"","overlay-gradient":""},"tablet":{"background-color":"var(--ast-global-color-5)","background-image":"","background-repeat":"repeat","background-position":"center center","background-size":"auto","background-attachment":"scroll","background-type":"","background-media":"","overlay-type":"","overlay-color":"","overlay-opacity":"","overlay-gradient":""},"mobile":{"background-color":"var(--ast-global-color-5)","background-image":"","background-repeat":"repeat","background-position":"center center","background-size":"auto","background-attachment":"scroll","background-type":"","background-media":"","overlay-type":"","overlay-color":"","overlay-opacity":"","overlay-gradient":""}},"_themeisle_gutenberg_block_has_review":false,"footnotes":""},"class_list":["post-33","page","type-page","status-publish","hentry"],"_links":{"self":[{"href":"https:\/\/thaisvasseur.com\/index.php\/wp-json\/wp\/v2\/pages\/33","targetHints":{"allow":["GET"]}}],"collection":[{"href":"https:\/\/thaisvasseur.com\/index.php\/wp-json\/wp\/v2\/pages"}],"about":[{"href":"https:\/\/thaisvasseur.com\/index.php\/wp-json\/wp\/v2\/types\/page"}],"author":[{"embeddable":true,"href":"https:\/\/thaisvasseur.com\/index.php\/wp-json\/wp\/v2\/users\/1"}],"replies":[{"embeddable":true,"href":"https:\/\/thaisvasseur.com\/index.php\/wp-json\/wp\/v2\/comments?post=33"}],"version-history":[{"count":127,"href":"https:\/\/thaisvasseur.com\/index.php\/wp-json\/wp\/v2\/pages\/33\/revisions"}],"predecessor-version":[{"id":1849,"href":"https:\/\/thaisvasseur.com\/index.php\/wp-json\/wp\/v2\/pages\/33\/revisions\/1849"}],"wp:attachment":[{"href":"https:\/\/thaisvasseur.com\/index.php\/wp-json\/wp\/v2\/media?parent=33"}],"curies":[{"name":"wp","href":"https:\/\/api.w.org\/{rel}","templated":true}]}}