{"id":444,"date":"2023-12-14T10:09:31","date_gmt":"2023-12-14T09:09:31","guid":{"rendered":"https:\/\/thaisvasseur.com\/?page_id=444"},"modified":"2024-03-04T09:55:26","modified_gmt":"2024-03-04T08:55:26","slug":"consultation","status":"publish","type":"page","link":"https:\/\/thaisvasseur.com\/index.php\/consultation\/","title":{"rendered":"Consultation"},"content":{"rendered":"\t\t<div data-elementor-type=\"wp-page\" data-elementor-id=\"444\" class=\"elementor elementor-444\">\n\t\t\t\t\t\t<section class=\"elementor-section elementor-top-section elementor-element elementor-element-39df31360 elementor-section-height-min-height elementor-section-stretched elementor-section-full_width elementor-section-height-default elementor-section-items-middle wpr-particle-no wpr-jarallax-no wpr-parallax-no wpr-sticky-section-no\" data-id=\"39df31360\" data-element_type=\"section\" data-settings=\"{&quot;background_background&quot;:&quot;classic&quot;,&quot;stretch_section&quot;:&quot;section-stretched&quot;}\">\n\t\t\t\t\t\t\t<div class=\"elementor-background-overlay\"><\/div>\n\t\t\t\t\t\t\t<div class=\"elementor-container elementor-column-gap-default\">\n\t\t\t\t\t<div class=\"elementor-column elementor-col-100 elementor-top-column elementor-element elementor-element-6e0594f9\" data-id=\"6e0594f9\" data-element_type=\"column\">\n\t\t\t<div class=\"elementor-widget-wrap elementor-element-populated\">\n\t\t\t\t\t\t<div class=\"elementor-element elementor-element-5eae08a4 wpr-advanced-text-style-animated wpr-fancy-text-typing elementor-widget elementor-widget-wpr-advanced-text\" data-id=\"5eae08a4\" data-element_type=\"widget\" data-widget_type=\"wpr-advanced-text.default\">\n\t\t\t\t<div class=\"elementor-widget-container\">\n\t\t\t\t\t\n\t\t<h3 class=\"wpr-advanced-text\">\n\n\t\t\t\t\t\n\t\t\t\t\t\t\t<span class=\"wpr-advanced-text-preffix\">Consultation<\/span>\n\t\t\t\n\t\t<span class=\"wpr-anim-text wpr-anim-text-type-typing wpr-anim-text-letters\" data-anim-duration=\"0,0\" data-anim-loop=\"\">\n\t\t\t<span class=\"wpr-anim-text-inner\">\n\t\t\t\t\t\t\t<\/span>\n\t\t\t\t\t<\/span>\n\n\t\t\t\t\n\t\t<\/h3>\n\t\t\n\t\t\t\t\t\t<\/div>\n\t\t\t\t<\/div>\n\t\t\t\t\t<\/div>\n\t\t<\/div>\n\t\t\t\t\t<\/div>\n\t\t<\/section>\n\t\t\t\t<section class=\"elementor-section elementor-top-section elementor-element elementor-element-986c6f7 elementor-section-boxed elementor-section-height-default elementor-section-height-default wpr-particle-no wpr-jarallax-no wpr-parallax-no wpr-sticky-section-no\" data-id=\"986c6f7\" data-element_type=\"section\">\n\t\t\t\t\t\t<div class=\"elementor-container elementor-column-gap-wide\">\n\t\t\t\t\t<div class=\"elementor-column elementor-col-100 elementor-top-column elementor-element elementor-element-61aa628\" data-id=\"61aa628\" data-element_type=\"column\">\n\t\t\t<div class=\"elementor-widget-wrap elementor-element-populated\">\n\t\t\t\t\t\t<div class=\"elementor-element elementor-element-66d67709 elementor-widget elementor-widget-heading\" data-id=\"66d67709\" data-element_type=\"widget\" data-widget_type=\"heading.default\">\n\t\t\t\t<div class=\"elementor-widget-container\">\n\t\t\t\t\t<h2 class=\"elementor-heading-title elementor-size-default\">Infos pratiques<\/h2>\t\t\t\t<\/div>\n\t\t\t\t<\/div>\n\t\t\t\t<div class=\"elementor-element elementor-element-9f30553 elementor-widget elementor-widget-heading\" data-id=\"9f30553\" data-element_type=\"widget\" data-widget_type=\"heading.default\">\n\t\t\t\t<div class=\"elementor-widget-container\">\n\t\t\t\t\t<h3 class=\"elementor-heading-title elementor-size-default\">Quelques chiffres ...<\/h3>\t\t\t\t<\/div>\n\t\t\t\t<\/div>\n\t\t\t\t<div class=\"elementor-element elementor-element-618d543e elementor-widget elementor-widget-text-editor\" data-id=\"618d543e\" data-element_type=\"widget\" data-widget_type=\"text-editor.default\">\n\t\t\t\t<div class=\"elementor-widget-container\">\n\t\t\t\t\t\t\t\t\t<div><div style=\"line-height: 1.4; direction: ltr; margin-left: 0px;\"><p><strong><span style=\"font-size: 16px; color: #000000; letter-spacing: 0em;\">\u00a0<\/span><\/strong><span style=\"color: #000000; font-size: 16px; letter-spacing: 0em; font-style: inherit; font-weight: inherit;\"><strong>&#8211; 1 personne sur 5 meurs<\/strong> <strong>aujourd\u2019hui de malnutrition.<\/strong><br \/><\/span><i style=\"font-weight: inherit; letter-spacing: 0em; color: #000000; font-size: 16px;\">(d&#8217;apr\u00e8s Global burden of disease)\u00a0<\/i><\/p><p><span style=\"font-style: inherit; color: #000000; font-size: 16px; font-weight: inherit; letter-spacing: 0em;\"><strong>&#8211; Pr\u00e8s d&#8217;un fran\u00e7ais sur 2 est en situation de surpoids ou d\u2019ob\u00e9sit\u00e9.<\/strong><br \/><\/span><i style=\"font-weight: inherit; color: #000000; font-size: 16px; letter-spacing: 0em;\">(d&#8217;apr\u00e8s l&#8217;INSERM)\u00a0<\/i><\/p><p><span style=\"font-size: 16px; color: #000000; letter-spacing: 0em;\"><strong>&#8211; 29% des jeunes fran\u00e7ais grignotent entre les repas.<\/strong><br \/>(<\/span><i style=\"color: #000000; font-size: 16px;\">d&#8217;apr\u00e8s l&#8217;INSEE)\u00a0<\/i><\/p><p><span style=\"font-size: 16px; color: #000000; letter-spacing: 0em;\">Voici quelques chiffrent qui sont en constante \u00e9volution. Ils montrent \u00e0 quel point il est important de prendre conscience que notre alimentation joue un r\u00f4le fondamental dans le d\u00e9veloppement de notre corps.\u00a0<br \/><\/span><span style=\"color: #000000; font-size: 16px; letter-spacing: 0em; font-style: inherit; font-weight: inherit;\">Consulter un di\u00e9t\u00e9ticien peut vous aider \u00e0 am\u00e9liorer votre sant\u00e9.<\/span><\/p><\/div><\/div>\t\t\t\t\t\t\t\t<\/div>\n\t\t\t\t<\/div>\n\t\t\t\t<div class=\"elementor-element elementor-element-7beee7f elementor-widget elementor-widget-heading\" data-id=\"7beee7f\" data-element_type=\"widget\" data-widget_type=\"heading.default\">\n\t\t\t\t<div class=\"elementor-widget-container\">\n\t\t\t\t\t<h3 class=\"elementor-heading-title elementor-size-default\">Mais qu'est-ce qu'un di\u00e9t\u00e9ticien ?<\/h3>\t\t\t\t<\/div>\n\t\t\t\t<\/div>\n\t\t\t\t<div class=\"elementor-element elementor-element-fbea27d elementor-widget elementor-widget-text-editor\" data-id=\"fbea27d\" data-element_type=\"widget\" data-widget_type=\"text-editor.default\">\n\t\t\t\t<div class=\"elementor-widget-container\">\n\t\t\t\t\t\t\t\t\t<div><div style=\"line-height: 1.36; direction: ltr; margin-left: 0px;\"><p><span style=\"font-size: 16px; color: #000000; letter-spacing: 0em;\">Un di\u00e9t\u00e9ticien est un professionnel de sant\u00e9 dipl\u00f4m\u00e9 d\u2019\u00e9tat expert en nutrition. Son r\u00f4le est d\u2019\u00e9laborer un plan di\u00e9t\u00e9tique adapt\u00e9 \u00e0 vos besoins et selon votre \u00e9tat de sant\u00e9. Le di\u00e9t\u00e9ticien vous aidera \u00e0 vous sentir mieux physiquement et psychologiquement dans votre corps, ainsi il vous incitera \u00e0 la consommation de plats \u00e9quilibr\u00e9s tout en pr\u00e9servant le plaisir de manger.<\/span><\/p><\/div><\/div>\t\t\t\t\t\t\t\t<\/div>\n\t\t\t\t<\/div>\n\t\t\t\t<div class=\"elementor-element elementor-element-4f63f7ff wpr-button-icon-style-inline wpr-button-icon-position-right elementor-widget elementor-widget-wpr-button\" data-id=\"4f63f7ff\" data-element_type=\"widget\" data-widget_type=\"wpr-button.default\">\n\t\t\t\t<div class=\"elementor-widget-container\">\n\t\t\t\t\t\t\n\t\t\t\n\t\t\n\t\t<div class=\"wpr-button-wrap elementor-clearfix\">\n\t\t<a class=\"wpr-button wpr-button-effect wpr-button-none\" data-text=\"\" href=\"https:\/\/diet.alivio.fr\/dieteticien\/thais-vasseur\/rdv\">\n\t\t\t\n\t\t\t<span class=\"wpr-button-content\">\n\t\t\t\t\t\t\t\t\t<span class=\"wpr-button-text\">Prendre RDV <\/span>\n\t\t\t\t\t\t\t\t\n\t\t\t\t\t\t\t<\/span>\n\t\t<\/a>\n\n\t\t\t\t<\/div>\n\t\n\t\n\t\t\t\t\t<\/div>\n\t\t\t\t<\/div>\n\t\t\t\t\t<\/div>\n\t\t<\/div>\n\t\t\t\t\t<\/div>\n\t\t<\/section>\n\t\t\t\t<section class=\"elementor-section elementor-top-section elementor-element elementor-element-4e4abfc0 elementor-section-boxed elementor-section-height-default elementor-section-height-default wpr-particle-no wpr-parallax-no wpr-sticky-section-no\" data-id=\"4e4abfc0\" data-element_type=\"section\" data-settings=\"{&quot;background_background&quot;:&quot;slideshow&quot;,&quot;background_slideshow_gallery&quot;:[],&quot;background_slideshow_loop&quot;:&quot;yes&quot;,&quot;background_slideshow_slide_duration&quot;:5000,&quot;background_slideshow_slide_transition&quot;:&quot;fade&quot;,&quot;background_slideshow_transition_duration&quot;:500}\">\n\t\t\t\t\t\t\t<div class=\"elementor-background-overlay\"><\/div>\n\t\t\t\t\t\t\t<div class=\"elementor-container elementor-column-gap-default\">\n\t\t\t\t\t<div class=\"elementor-column elementor-col-100 elementor-top-column elementor-element elementor-element-657d378c\" data-id=\"657d378c\" data-element_type=\"column\">\n\t\t\t<div class=\"elementor-widget-wrap elementor-element-populated\">\n\t\t\t\t\t\t<div class=\"elementor-element elementor-element-2730e9b3 elementor-widget elementor-widget-heading\" data-id=\"2730e9b3\" data-element_type=\"widget\" data-widget_type=\"heading.default\">\n\t\t\t\t<div class=\"elementor-widget-container\">\n\t\t\t\t\t<h2 class=\"elementor-heading-title elementor-size-default\">Des questions ?<\/h2>\t\t\t\t<\/div>\n\t\t\t\t<\/div>\n\t\t\t\t<div class=\"elementor-element elementor-element-3aeea611 elementor-widget-divider--view-line elementor-widget elementor-widget-divider\" data-id=\"3aeea611\" data-element_type=\"widget\" data-widget_type=\"divider.default\">\n\t\t\t\t<div class=\"elementor-widget-container\">\n\t\t\t\t\t\t\t<div class=\"elementor-divider\">\n\t\t\t<span class=\"elementor-divider-separator\">\n\t\t\t\t\t\t<\/span>\n\t\t<\/div>\n\t\t\t\t\t\t<\/div>\n\t\t\t\t<\/div>\n\t\t\t\t<div class=\"elementor-element elementor-element-6627eed1 wpr-button-icon-style-inline wpr-button-icon-position-right elementor-widget elementor-widget-wpr-button\" data-id=\"6627eed1\" data-element_type=\"widget\" data-widget_type=\"wpr-button.default\">\n\t\t\t\t<div class=\"elementor-widget-container\">\n\t\t\t\t\t\t\n\t\t\t\n\t\t\n\t\t<div class=\"wpr-button-wrap elementor-clearfix\">\n\t\t<a class=\"wpr-button wpr-button-effect wpr-button-none\" data-text=\"\" href=\"https:\/\/thaisvasseur.com\/index.php\/contact\/\">\n\t\t\t\n\t\t\t<span class=\"wpr-button-content\">\n\t\t\t\t\t\t\t\t\t<span class=\"wpr-button-text\">Me contacter<\/span>\n\t\t\t\t\t\t\t\t\n\t\t\t\t\t\t\t<\/span>\n\t\t<\/a>\n\n\t\t\t\t<\/div>\n\t\n\t\n\t\t\t\t\t<\/div>\n\t\t\t\t<\/div>\n\t\t\t\t\t<\/div>\n\t\t<\/div>\n\t\t\t\t\t<\/div>\n\t\t<\/section>\n\t\t\t\t<\/div>\n\t\t","protected":false},"excerpt":{"rendered":"<p>Consultation Infos pratiques Quelques chiffres &#8230; \u00a0&#8211; 1 personne sur 5 meurs aujourd\u2019hui de malnutrition.(d&#8217;apr\u00e8s Global burden of disease)\u00a0 &#8211; Pr\u00e8s d&#8217;un fran\u00e7ais sur 2 est en situation de surpoids ou d\u2019ob\u00e9sit\u00e9.(d&#8217;apr\u00e8s l&#8217;INSERM)\u00a0 &#8211; 29% des jeunes fran\u00e7ais grignotent entre les repas.(d&#8217;apr\u00e8s l&#8217;INSEE)\u00a0 Voici quelques chiffrent qui sont en constante \u00e9volution. Ils montrent \u00e0 quel point il est important de prendre conscience que notre alimentation joue un r\u00f4le fondamental dans le d\u00e9veloppement de notre corps.\u00a0Consulter un di\u00e9t\u00e9ticien peut vous aider \u00e0 am\u00e9liorer votre sant\u00e9. Mais qu&#8217;est-ce qu&#8217;un di\u00e9t\u00e9ticien ? Un di\u00e9t\u00e9ticien est un professionnel de sant\u00e9 dipl\u00f4m\u00e9 d\u2019\u00e9tat expert en nutrition. Son r\u00f4le est d\u2019\u00e9laborer un plan di\u00e9t\u00e9tique adapt\u00e9 \u00e0 vos besoins et selon votre \u00e9tat de sant\u00e9. Le di\u00e9t\u00e9ticien vous aidera \u00e0 vous sentir mieux physiquement et psychologiquement dans votre corps, ainsi il vous incitera \u00e0 la consommation de plats \u00e9quilibr\u00e9s tout en pr\u00e9servant le plaisir de manger. Prendre RDV Des questions ? Me contacter<\/p>\n","protected":false},"author":1,"featured_media":0,"parent":0,"menu_order":0,"comment_status":"closed","ping_status":"closed","template":"","meta":{"site-sidebar-layout":"no-sidebar","site-content-layout":"","ast-site-content-layout":"full-width-container","site-content-style":"default","site-sidebar-style":"default","ast-global-header-display":"","ast-banner-title-visibility":"","ast-main-header-display":"","ast-hfb-above-header-display":"","ast-hfb-below-header-display":"","ast-hfb-mobile-header-display":"","site-post-title":"disabled","ast-breadcrumbs-content":"","ast-featured-img":"disabled","footer-sml-layout":"","theme-transparent-header-meta":"","adv-header-id-meta":"","stick-header-meta":"","header-above-stick-meta":"","header-main-stick-meta":"","header-below-stick-meta":"","astra-migrate-meta-layouts":"default","ast-page-background-enabled":"default","ast-page-background-meta":{"desktop":{"background-color":"var(--ast-global-color-4)","background-image":"","background-repeat":"repeat","background-position":"center center","background-size":"auto","background-attachment":"scroll","background-type":"","background-media":"","overlay-type":"","overlay-color":"","overlay-opacity":"","overlay-gradient":""},"tablet":{"background-color":"","background-image":"","background-repeat":"repeat","background-position":"center center","background-size":"auto","background-attachment":"scroll","background-type":"","background-media":"","overlay-type":"","overlay-color":"","overlay-opacity":"","overlay-gradient":""},"mobile":{"background-color":"","background-image":"","background-repeat":"repeat","background-position":"center center","background-size":"auto","background-attachment":"scroll","background-type":"","background-media":"","overlay-type":"","overlay-color":"","overlay-opacity":"","overlay-gradient":""}},"ast-content-background-meta":{"desktop":{"background-color":"var(--ast-global-color-5)","background-image":"","background-repeat":"repeat","background-position":"center center","background-size":"auto","background-attachment":"scroll","background-type":"","background-media":"","overlay-type":"","overlay-color":"","overlay-opacity":"","overlay-gradient":""},"tablet":{"background-color":"var(--ast-global-color-5)","background-image":"","background-repeat":"repeat","background-position":"center center","background-size":"auto","background-attachment":"scroll","background-type":"","background-media":"","overlay-type":"","overlay-color":"","overlay-opacity":"","overlay-gradient":""},"mobile":{"background-color":"var(--ast-global-color-5)","background-image":"","background-repeat":"repeat","background-position":"center center","background-size":"auto","background-attachment":"scroll","background-type":"","background-media":"","overlay-type":"","overlay-color":"","overlay-opacity":"","overlay-gradient":""}},"_themeisle_gutenberg_block_has_review":false,"footnotes":""},"class_list":["post-444","page","type-page","status-publish","hentry"],"_links":{"self":[{"href":"https:\/\/thaisvasseur.com\/index.php\/wp-json\/wp\/v2\/pages\/444","targetHints":{"allow":["GET"]}}],"collection":[{"href":"https:\/\/thaisvasseur.com\/index.php\/wp-json\/wp\/v2\/pages"}],"about":[{"href":"https:\/\/thaisvasseur.com\/index.php\/wp-json\/wp\/v2\/types\/page"}],"author":[{"embeddable":true,"href":"https:\/\/thaisvasseur.com\/index.php\/wp-json\/wp\/v2\/users\/1"}],"replies":[{"embeddable":true,"href":"https:\/\/thaisvasseur.com\/index.php\/wp-json\/wp\/v2\/comments?post=444"}],"version-history":[{"count":64,"href":"https:\/\/thaisvasseur.com\/index.php\/wp-json\/wp\/v2\/pages\/444\/revisions"}],"predecessor-version":[{"id":1757,"href":"https:\/\/thaisvasseur.com\/index.php\/wp-json\/wp\/v2\/pages\/444\/revisions\/1757"}],"wp:attachment":[{"href":"https:\/\/thaisvasseur.com\/index.php\/wp-json\/wp\/v2\/media?parent=444"}],"curies":[{"name":"wp","href":"https:\/\/api.w.org\/{rel}","templated":true}]}}