{"id":983,"date":"2023-12-20T09:56:31","date_gmt":"2023-12-20T08:56:31","guid":{"rendered":"https:\/\/thaisvasseur.com\/?page_id=983"},"modified":"2024-02-24T10:39:23","modified_gmt":"2024-02-24T09:39:23","slug":"aperitifs","status":"publish","type":"page","link":"https:\/\/thaisvasseur.com\/index.php\/aperitifs\/","title":{"rendered":"Aperitifs"},"content":{"rendered":"\t\t<div data-elementor-type=\"wp-page\" data-elementor-id=\"983\" class=\"elementor elementor-983\">\n\t\t\t\t\t\t<section class=\"elementor-section elementor-top-section elementor-element elementor-element-3e3ccc1d0 elementor-section-full_width elementor-section-height-default elementor-section-height-default wpr-particle-no wpr-jarallax-no wpr-parallax-no wpr-sticky-section-no\" data-id=\"3e3ccc1d0\" data-element_type=\"section\">\n\t\t\t\t\t\t<div class=\"elementor-container elementor-column-gap-no\">\n\t\t\t\t\t<div class=\"elementor-column elementor-col-100 elementor-top-column elementor-element elementor-element-6c154ca7\" data-id=\"6c154ca7\" data-element_type=\"column\">\n\t\t\t<div class=\"elementor-widget-wrap elementor-element-populated\">\n\t\t\t\t\t\t<div class=\"elementor-element elementor-element-6f62c994 wpr-adv-slider-columns-1 wpr-adv-slider-columns--tablet1 wpr-adv-slider-columns--mobile1 wpr-adv-slides-to-scroll-1 wpr-slider-dots-horizontal elementor-widget elementor-widget-wpr-advanced-slider\" data-id=\"6f62c994\" data-element_type=\"widget\" data-settings=\"{&quot;slider_amount&quot;:1,&quot;slider_amount_tablet&quot;:1,&quot;slider_amount_mobile&quot;:1,&quot;slides_to_scroll&quot;:1,&quot;slider_loop&quot;:&quot;yes&quot;,&quot;slider_hide_video_content&quot;:&quot;yes&quot;,&quot;slider_video_btn_size&quot;:&quot;medium&quot;}\" data-widget_type=\"wpr-advanced-slider.default\">\n\t\t\t\t<div class=\"elementor-widget-container\">\n\t\t\t\t\t\n\t\t<!-- Advanced Slider -->\n\t\t<div class=\"wpr-advanced-slider-wrap\">\n\t\t\t\n\t\t\t<div class=\"wpr-advanced-slider\" dir=\"ltr\" data-slick=\"{&quot;rtl&quot;:false,&quot;infinite&quot;:true,&quot;speed&quot;:700,&quot;arrows&quot;:true,&quot;dots&quot;:true,&quot;autoplay&quot;:false,&quot;autoplaySpeed&quot;:1000,&quot;pauseOnHover&quot;:&quot;&quot;,&quot;prevArrow&quot;:&quot;#wpr-slider-prev-6f62c994&quot;,&quot;nextArrow&quot;:&quot;#wpr-slider-next-6f62c994&quot;,&quot;vertical&quot;:false,&quot;adaptiveHeight&quot;:true}\" data-hide-video-content=\"yes\" data-video-btn-size=\"{&quot;widescreen&quot;:&quot;medium&quot;,&quot;desktop&quot;:&quot;medium&quot;,&quot;laptop&quot;:&quot;medium&quot;,&quot;tablet_extra&quot;:&quot;medium&quot;,&quot;tablet&quot;:&quot;medium&quot;,&quot;mobile_extra&quot;:&quot;medium&quot;,&quot;mobile&quot;:&quot;medium&quot;}\" data-slide-effect=\"slide\">\n\t\t\t\t<div class=\"wpr-slider-item elementor-repeater-item-e1c182c\"><div class=\"wpr-slider-item-bg \" style=\"background-image: url(https:\/\/thaisvasseur.com\/wp-content\/uploads\/2023\/12\/IMG_6871-scaled-e1703063065597.jpg)\"><\/div><div class=\"wpr-slider-item-overlay\"><\/div><div class=\"wpr-cv-container\"><div class=\"wpr-cv-outer\"><div class=\"wpr-cv-inner\"><div class=\"wpr-slider-content\"><div class=\"wpr-slider-title\"><h2>Ap\u00e9ritifs<\/h2><\/div><div class=\"wpr-slider-sub-title\"><h3>Guacamole<\/h3><\/div><div class=\"wpr-slider-btns\"><div class=\"wpr-slider-primary-btn\" >Afficher<\/div><\/div><\/div><\/div><\/div><\/div><\/div><div class=\"wpr-slider-item elementor-repeater-item-963902d\"><div class=\"wpr-slider-item-bg \" style=\"background-image: url(https:\/\/thaisvasseur.com\/wp-content\/uploads\/2023\/12\/IMG_4290-scaled-e1703165728392.jpg)\"><\/div><div class=\"wpr-slider-item-overlay\"><\/div><div class=\"wpr-cv-container\"><div class=\"wpr-cv-outer\"><div class=\"wpr-cv-inner\"><div class=\"wpr-slider-content\"><div class=\"wpr-slider-title\"><h2>Ap\u00e9ritifs<\/h2><\/div><div class=\"wpr-slider-sub-title\"><h3>Quiche saumon brocolis<\/h3><\/div><div class=\"wpr-slider-btns\"><div class=\"wpr-slider-primary-btn\" >Afficher<\/div><\/div><\/div><\/div><\/div><\/div><\/div>\t\t\t<\/div>\n\t\t\t<div class=\"wpr-slider-controls\">\n\t\t\t\t<div class=\"wpr-slider-dots\"><\/div>\n\t\t\t<\/div>\n\n\t\t\t<div class=\"wpr-slider-arrow-container\">\n\t\t\t\t<div class=\"wpr-slider-prev-arrow wpr-slider-arrow\" id=\"wpr-slider-prev-6f62c994\">\n\t\t\t\t\t<svg version=\"1.1\" xmlns=\"http:\/\/www.w3.org\/2000\/svg\" xmlns:xlink=\"http:\/\/www.w3.org\/1999\/xlink\" x=\"0px\" y=\"0px\" viewBox=\"0 0 283.4 512\" style=\"enable-background:new 0 0 283.4 512;\" xml:space=\"preserve\"><g><polygon class=\"st0\" points=\"54.5,256.3 283.4,485.1 256.1,512.5 0,256.3 0,256.3 27.2,229 256.1,0 283.4,27.4 \"\/><\/g><\/svg>\t\t\t\t<\/div>\n\t\t\t\t<div class=\"wpr-slider-next-arrow wpr-slider-arrow\" id=\"wpr-slider-next-6f62c994\">\n\t\t\t\t\t<svg version=\"1.1\" xmlns=\"http:\/\/www.w3.org\/2000\/svg\" xmlns:xlink=\"http:\/\/www.w3.org\/1999\/xlink\" x=\"0px\" y=\"0px\" viewBox=\"0 0 283.4 512\" style=\"enable-background:new 0 0 283.4 512;\" xml:space=\"preserve\"><g><polygon class=\"st0\" points=\"54.5,256.3 283.4,485.1 256.1,512.5 0,256.3 0,256.3 27.2,229 256.1,0 283.4,27.4 \"\/><\/g><\/svg>\t\t\t\t<\/div>\n\t\t\t<\/div>\n\t\t\t\n\t\t\t\n\t\t<\/div>\n\t\t\t\t\t\t<\/div>\n\t\t\t\t<\/div>\n\t\t\t\t\t<\/div>\n\t\t<\/div>\n\t\t\t\t\t<\/div>\n\t\t<\/section>\n\t\t\t\t<section class=\"elementor-section elementor-top-section elementor-element elementor-element-2f2acb24 elementor-section-boxed elementor-section-height-default elementor-section-height-default wpr-particle-no wpr-jarallax-no wpr-parallax-no wpr-sticky-section-no\" data-id=\"2f2acb24\" data-element_type=\"section\" data-settings=\"{&quot;background_background&quot;:&quot;classic&quot;}\">\n\t\t\t\t\t\t<div class=\"elementor-container elementor-column-gap-default\">\n\t\t\t\t\t<div class=\"elementor-column elementor-col-50 elementor-top-column elementor-element elementor-element-5e33f434\" data-id=\"5e33f434\" data-element_type=\"column\">\n\t\t\t<div class=\"elementor-widget-wrap elementor-element-populated\">\n\t\t\t\t\t\t<div class=\"elementor-element elementor-element-6dda9d16 elementor-widget elementor-widget-image\" data-id=\"6dda9d16\" data-element_type=\"widget\" data-widget_type=\"image.default\">\n\t\t\t\t<div class=\"elementor-widget-container\">\n\t\t\t\t\t\t\t\t\t\t\t\t\t\t\t<img fetchpriority=\"high\" decoding=\"async\" width=\"1024\" height=\"890\" src=\"https:\/\/thaisvasseur.com\/wp-content\/uploads\/2023\/12\/IMG_6871-scaled-e1703063065597-1024x890.jpg\" class=\"attachment-large size-large wp-image-989\" alt=\"\" srcset=\"https:\/\/thaisvasseur.com\/wp-content\/uploads\/2023\/12\/IMG_6871-scaled-e1703063065597-1024x890.jpg 1024w, https:\/\/thaisvasseur.com\/wp-content\/uploads\/2023\/12\/IMG_6871-scaled-e1703063065597-300x261.jpg 300w, https:\/\/thaisvasseur.com\/wp-content\/uploads\/2023\/12\/IMG_6871-scaled-e1703063065597-768x667.jpg 768w, https:\/\/thaisvasseur.com\/wp-content\/uploads\/2023\/12\/IMG_6871-scaled-e1703063065597-1536x1334.jpg 1536w, https:\/\/thaisvasseur.com\/wp-content\/uploads\/2023\/12\/IMG_6871-scaled-e1703063065597.jpg 1920w\" sizes=\"(max-width: 1024px) 100vw, 1024px\" \/>\t\t\t\t\t\t\t\t\t\t\t\t\t\t\t<\/div>\n\t\t\t\t<\/div>\n\t\t\t\t\t<\/div>\n\t\t<\/div>\n\t\t\t\t<div class=\"elementor-column elementor-col-50 elementor-top-column elementor-element elementor-element-6803f561\" data-id=\"6803f561\" data-element_type=\"column\">\n\t\t\t<div class=\"elementor-widget-wrap elementor-element-populated\">\n\t\t\t\t\t\t<div class=\"elementor-element elementor-element-1f5f8a2b elementor-widget elementor-widget-heading\" data-id=\"1f5f8a2b\" data-element_type=\"widget\" data-widget_type=\"heading.default\">\n\t\t\t\t<div class=\"elementor-widget-container\">\n\t\t\t\t\t<h2 class=\"elementor-heading-title elementor-size-default\">Guacamole <\/h2>\t\t\t\t<\/div>\n\t\t\t\t<\/div>\n\t\t\t\t<div class=\"elementor-element elementor-element-73567047 elementor-widget elementor-widget-text-editor\" data-id=\"73567047\" data-element_type=\"widget\" data-widget_type=\"text-editor.default\">\n\t\t\t\t<div class=\"elementor-widget-container\">\n\t\t\t\t\t\t\t\t\t<p>&#8211; 2 avocats<\/p>\n<p>&#8211; 1 oignon pays (cebette) et\/ou oignon rouge<\/p>\n<p>&#8211; 1 tomate<\/p>\n<p>&#8211; 1 citron<\/p>\n<p>&#8211; 2 c\u00e0s d&#8217;huile d&#8217;olive<\/p>\n<p>&#8211; Sel, poivre, ail, coriandre, basilic et piment v\u00e9g\u00e9tarien<\/p>\t\t\t\t\t\t\t\t<\/div>\n\t\t\t\t<\/div>\n\t\t\t\t<div class=\"elementor-element elementor-element-9433432 elementor-widget elementor-widget-heading\" data-id=\"9433432\" data-element_type=\"widget\" data-widget_type=\"heading.default\">\n\t\t\t\t<div class=\"elementor-widget-container\">\n\t\t\t\t\t<h2 class=\"elementor-heading-title elementor-size-default\">Remarques : Hacher finement les \u00e9l\u00e9ments et si vous pr\u00e9f\u00e9rez une texture plus lisse vous pouvez le passer au mixeur. Il accompagnera vos chips, vos terrines ou tartines \u00e0 l'ap\u00e9ritif. <\/h2>\t\t\t\t<\/div>\n\t\t\t\t<\/div>\n\t\t\t\t<div class=\"elementor-element elementor-element-294685b4 wpr-button-icon-style-inline wpr-button-icon-position-right elementor-widget elementor-widget-wpr-button\" data-id=\"294685b4\" data-element_type=\"widget\" data-widget_type=\"wpr-button.default\">\n\t\t\t\t<div class=\"elementor-widget-container\">\n\t\t\t\t\t\t\n\t\n\t\t\t\t\t<\/div>\n\t\t\t\t<\/div>\n\t\t\t\t\t<\/div>\n\t\t<\/div>\n\t\t\t\t\t<\/div>\n\t\t<\/section>\n\t\t\t\t<section class=\"elementor-section elementor-top-section elementor-element elementor-element-3c35ca00 elementor-section-boxed elementor-section-height-default elementor-section-height-default wpr-particle-no wpr-jarallax-no wpr-parallax-no wpr-sticky-section-no\" data-id=\"3c35ca00\" data-element_type=\"section\">\n\t\t\t\t\t\t<div class=\"elementor-container elementor-column-gap-default\">\n\t\t\t\t\t<div class=\"elementor-column elementor-col-50 elementor-top-column elementor-element elementor-element-7c6247a2\" data-id=\"7c6247a2\" data-element_type=\"column\">\n\t\t\t<div class=\"elementor-widget-wrap elementor-element-populated\">\n\t\t\t\t\t\t<div class=\"elementor-element elementor-element-3b9d69e3 elementor-widget elementor-widget-heading\" data-id=\"3b9d69e3\" data-element_type=\"widget\" data-widget_type=\"heading.default\">\n\t\t\t\t<div class=\"elementor-widget-container\">\n\t\t\t\t\t<h2 class=\"elementor-heading-title elementor-size-default\">Cake jambon, f\u00eata, olives<\/h2>\t\t\t\t<\/div>\n\t\t\t\t<\/div>\n\t\t\t\t<div class=\"elementor-element elementor-element-38461719 elementor-widget elementor-widget-text-editor\" data-id=\"38461719\" data-element_type=\"widget\" data-widget_type=\"text-editor.default\">\n\t\t\t\t<div class=\"elementor-widget-container\">\n\t\t\t\t\t\t\t\t\t<p>&#8211; 3 oeufs&nbsp;<\/p>\n<p>&#8211; 100g de farine de bl\u00e9&nbsp;<\/p>\n<p>&#8211; 150g de jambon blanc<\/p>\n<p>&#8211; 60g d&#8217;olives vertes<\/p>\n<p>&#8211; 100g de f\u00eata<\/p>\n<p>&#8211; 1 c\u00e0s d&#8217;huile d&#8217;olive<\/p>\n<p>&#8211; 1 sachet de levure chimique<\/p><p>&#8211; Sel, poivre, muscade, cumin, coriandre, graine de courge<\/p>\t\t\t\t\t\t\t\t<\/div>\n\t\t\t\t<\/div>\n\t\t\t\t<div class=\"elementor-element elementor-element-8f6e5ac elementor-widget elementor-widget-heading\" data-id=\"8f6e5ac\" data-element_type=\"widget\" data-widget_type=\"heading.default\">\n\t\t\t\t<div class=\"elementor-widget-container\">\n\t\t\t\t\t<h2 class=\"elementor-heading-title elementor-size-default\">Remarques : Ajoutez la levure en dernier avant de verser la p\u00e2te dans un moule \u00e0 cake beurrer et fariner puis cuire \u00e0 160\u00b0 chaleur tournante pendant 45min. \nCette recette peut \u00eatre d\u00e9clin\u00e9 avec diff\u00e9rents aliments !<\/h2>\t\t\t\t<\/div>\n\t\t\t\t<\/div>\n\t\t\t\t\t<\/div>\n\t\t<\/div>\n\t\t\t\t<div class=\"elementor-column elementor-col-50 elementor-top-column elementor-element elementor-element-7d35f2d4\" data-id=\"7d35f2d4\" data-element_type=\"column\">\n\t\t\t<div class=\"elementor-widget-wrap elementor-element-populated\">\n\t\t\t\t\t\t<div class=\"elementor-element elementor-element-3747de12 elementor-widget elementor-widget-image\" data-id=\"3747de12\" data-element_type=\"widget\" data-widget_type=\"image.default\">\n\t\t\t\t<div class=\"elementor-widget-container\">\n\t\t\t\t\t\t\t\t\t\t\t\t\t\t\t<img decoding=\"async\" width=\"1024\" height=\"832\" src=\"https:\/\/thaisvasseur.com\/wp-content\/uploads\/2023\/12\/IMG_8681-scaled-e1703064074669-1024x832.jpg\" class=\"attachment-large size-large wp-image-990\" alt=\"\" srcset=\"https:\/\/thaisvasseur.com\/wp-content\/uploads\/2023\/12\/IMG_8681-scaled-e1703064074669-1024x832.jpg 1024w, https:\/\/thaisvasseur.com\/wp-content\/uploads\/2023\/12\/IMG_8681-scaled-e1703064074669-300x244.jpg 300w, https:\/\/thaisvasseur.com\/wp-content\/uploads\/2023\/12\/IMG_8681-scaled-e1703064074669-768x624.jpg 768w, https:\/\/thaisvasseur.com\/wp-content\/uploads\/2023\/12\/IMG_8681-scaled-e1703064074669-1536x1249.jpg 1536w, https:\/\/thaisvasseur.com\/wp-content\/uploads\/2023\/12\/IMG_8681-scaled-e1703064074669.jpg 1715w\" sizes=\"(max-width: 1024px) 100vw, 1024px\" \/>\t\t\t\t\t\t\t\t\t\t\t\t\t\t\t<\/div>\n\t\t\t\t<\/div>\n\t\t\t\t\t<\/div>\n\t\t<\/div>\n\t\t\t\t\t<\/div>\n\t\t<\/section>\n\t\t\t\t<section class=\"elementor-section elementor-top-section elementor-element elementor-element-c00a98d elementor-section-boxed elementor-section-height-default elementor-section-height-default wpr-particle-no wpr-jarallax-no wpr-parallax-no wpr-sticky-section-no\" data-id=\"c00a98d\" data-element_type=\"section\" data-settings=\"{&quot;background_background&quot;:&quot;classic&quot;}\">\n\t\t\t\t\t\t<div class=\"elementor-container elementor-column-gap-default\">\n\t\t\t\t\t<div class=\"elementor-column elementor-col-50 elementor-top-column elementor-element elementor-element-ca0932d\" data-id=\"ca0932d\" data-element_type=\"column\">\n\t\t\t<div class=\"elementor-widget-wrap elementor-element-populated\">\n\t\t\t\t\t\t<div class=\"elementor-element elementor-element-5ab8a6a elementor-widget elementor-widget-image\" data-id=\"5ab8a6a\" data-element_type=\"widget\" data-widget_type=\"image.default\">\n\t\t\t\t<div class=\"elementor-widget-container\">\n\t\t\t\t\t\t\t\t\t\t\t\t\t\t\t<img decoding=\"async\" width=\"1024\" height=\"1009\" src=\"https:\/\/thaisvasseur.com\/wp-content\/uploads\/2023\/12\/IMG_4290-scaled-e1703165728392-1024x1009.jpg\" class=\"attachment-large size-large wp-image-1021\" alt=\"\" srcset=\"https:\/\/thaisvasseur.com\/wp-content\/uploads\/2023\/12\/IMG_4290-scaled-e1703165728392-1024x1009.jpg 1024w, https:\/\/thaisvasseur.com\/wp-content\/uploads\/2023\/12\/IMG_4290-scaled-e1703165728392-300x296.jpg 300w, https:\/\/thaisvasseur.com\/wp-content\/uploads\/2023\/12\/IMG_4290-scaled-e1703165728392-768x757.jpg 768w, https:\/\/thaisvasseur.com\/wp-content\/uploads\/2023\/12\/IMG_4290-scaled-e1703165728392-1536x1514.jpg 1536w, https:\/\/thaisvasseur.com\/wp-content\/uploads\/2023\/12\/IMG_4290-scaled-e1703165728392.jpg 1779w\" sizes=\"(max-width: 1024px) 100vw, 1024px\" \/>\t\t\t\t\t\t\t\t\t\t\t\t\t\t\t<\/div>\n\t\t\t\t<\/div>\n\t\t\t\t\t<\/div>\n\t\t<\/div>\n\t\t\t\t<div class=\"elementor-column elementor-col-50 elementor-top-column elementor-element elementor-element-330d074\" data-id=\"330d074\" data-element_type=\"column\">\n\t\t\t<div class=\"elementor-widget-wrap elementor-element-populated\">\n\t\t\t\t\t\t<div class=\"elementor-element elementor-element-d420d82 elementor-widget elementor-widget-heading\" data-id=\"d420d82\" data-element_type=\"widget\" data-widget_type=\"heading.default\">\n\t\t\t\t<div class=\"elementor-widget-container\">\n\t\t\t\t\t<h2 class=\"elementor-heading-title elementor-size-default\">Quiche saumon brocolis<\/h2>\t\t\t\t<\/div>\n\t\t\t\t<\/div>\n\t\t\t\t<div class=\"elementor-element elementor-element-ca1a89d elementor-widget elementor-widget-text-editor\" data-id=\"ca1a89d\" data-element_type=\"widget\" data-widget_type=\"text-editor.default\">\n\t\t\t\t<div class=\"elementor-widget-container\">\n\t\t\t\t\t\t\t\t\t<p>&#8211; 1 p\u00e2te bris\u00e9e<\/p><p><span style=\"font-style: inherit; font-weight: inherit;\">&#8211; 1 brocolis entier<\/span><\/p><p><span style=\"font-style: inherit; font-weight: inherit;\">&#8211; 100g de saumon fum\u00e9\u00a0<\/span><\/p><p><span style=\"font-style: inherit; font-weight: inherit;\">&#8211; 1 oignon<\/span><\/p><p><span style=\"font-style: inherit; font-weight: inherit;\">&#8211; 3 oeufs<\/span><\/p><p>&#8211; 1 brique de cr\u00e8me semi-\u00e9paisse<\/p><p>-Sel, poivre, ail, paprika, curcuma\u00a0<\/p>\t\t\t\t\t\t\t\t<\/div>\n\t\t\t\t<\/div>\n\t\t\t\t<div class=\"elementor-element elementor-element-db21c58 elementor-widget elementor-widget-heading\" data-id=\"db21c58\" data-element_type=\"widget\" data-widget_type=\"heading.default\">\n\t\t\t\t<div class=\"elementor-widget-container\">\n\t\t\t\t\t<h2 class=\"elementor-heading-title elementor-size-default\">Remarques : Cette tarte ravira vos convives coup\u00e9e en petits morceaux pour l'ap\u00e9ritif ou m\u00eame en plat accompagn\u00e9e de salade verte. Vous pouvez y ajouter de l'emmental, de la mozzarella ou de la f\u00eata pour la gourmandise. Le temps de cuisson est de 40min environ \u00e0 180\u00b0.<\/h2>\t\t\t\t<\/div>\n\t\t\t\t<\/div>\n\t\t\t\t<div class=\"elementor-element elementor-element-4bf7f0b wpr-button-icon-style-inline wpr-button-icon-position-right elementor-widget elementor-widget-wpr-button\" data-id=\"4bf7f0b\" data-element_type=\"widget\" data-widget_type=\"wpr-button.default\">\n\t\t\t\t<div class=\"elementor-widget-container\">\n\t\t\t\t\t\t\n\t\n\t\t\t\t\t<\/div>\n\t\t\t\t<\/div>\n\t\t\t\t\t<\/div>\n\t\t<\/div>\n\t\t\t\t\t<\/div>\n\t\t<\/section>\n\t\t\t\t<\/div>\n\t\t","protected":false},"excerpt":{"rendered":"<p>Ap\u00e9ritifs Guacamole Afficher Ap\u00e9ritifs Quiche saumon brocolis Afficher Guacamole &#8211; 2 avocats &#8211; 1 oignon pays (cebette) et\/ou oignon rouge &#8211; 1 tomate &#8211; 1 citron &#8211; 2 c\u00e0s d&#8217;huile d&#8217;olive &#8211; Sel, poivre, ail, coriandre, basilic et piment v\u00e9g\u00e9tarien Remarques : Hacher finement les \u00e9l\u00e9ments et si vous pr\u00e9f\u00e9rez une texture plus lisse vous pouvez le passer au mixeur. Il accompagnera vos chips, vos terrines ou tartines \u00e0 l&#8217;ap\u00e9ritif. Cake jambon, f\u00eata, olives &#8211; 3 oeufs&nbsp; &#8211; 100g de farine de bl\u00e9&nbsp; &#8211; 150g de jambon blanc &#8211; 60g d&#8217;olives vertes &#8211; 100g de f\u00eata &#8211; 1 c\u00e0s d&#8217;huile d&#8217;olive &#8211; 1 sachet de levure chimique &#8211; Sel, poivre, muscade, cumin, coriandre, graine de courge Remarques : Ajoutez la levure en dernier avant de verser la p\u00e2te dans un moule \u00e0 cake beurrer et fariner puis cuire \u00e0 160\u00b0 chaleur tournante pendant 45min. Cette recette peut \u00eatre d\u00e9clin\u00e9 avec diff\u00e9rents aliments ! Quiche saumon brocolis &#8211; 1 p\u00e2te bris\u00e9e &#8211; 1 brocolis entier &#8211; 100g de saumon fum\u00e9\u00a0 &#8211; 1 oignon &#8211; 3 oeufs &#8211; 1 brique de cr\u00e8me semi-\u00e9paisse -Sel, poivre, ail, paprika, curcuma\u00a0 Remarques : Cette tarte ravira vos convives coup\u00e9e en petits morceaux pour l&#8217;ap\u00e9ritif ou m\u00eame en plat accompagn\u00e9e de salade verte. Vous pouvez y ajouter de l&#8217;emmental, de la mozzarella ou de la f\u00eata pour la gourmandise. Le temps de cuisson est de 40min environ \u00e0 180\u00b0.<\/p>\n","protected":false},"author":1,"featured_media":0,"parent":0,"menu_order":0,"comment_status":"closed","ping_status":"closed","template":"","meta":{"site-sidebar-layout":"no-sidebar","site-content-layout":"","ast-site-content-layout":"full-width-container","site-content-style":"default","site-sidebar-style":"default","ast-global-header-display":"","ast-banner-title-visibility":"","ast-main-header-display":"","ast-hfb-above-header-display":"","ast-hfb-below-header-display":"","ast-hfb-mobile-header-display":"","site-post-title":"disabled","ast-breadcrumbs-content":"","ast-featured-img":"disabled","footer-sml-layout":"","theme-transparent-header-meta":"","adv-header-id-meta":"","stick-header-meta":"","header-above-stick-meta":"","header-main-stick-meta":"","header-below-stick-meta":"","astra-migrate-meta-layouts":"default","ast-page-background-enabled":"default","ast-page-background-meta":{"desktop":{"background-color":"var(--ast-global-color-4)","background-image":"","background-repeat":"repeat","background-position":"center center","background-size":"auto","background-attachment":"scroll","background-type":"","background-media":"","overlay-type":"","overlay-color":"","overlay-opacity":"","overlay-gradient":""},"tablet":{"background-color":"","background-image":"","background-repeat":"repeat","background-position":"center center","background-size":"auto","background-attachment":"scroll","background-type":"","background-media":"","overlay-type":"","overlay-color":"","overlay-opacity":"","overlay-gradient":""},"mobile":{"background-color":"","background-image":"","background-repeat":"repeat","background-position":"center center","background-size":"auto","background-attachment":"scroll","background-type":"","background-media":"","overlay-type":"","overlay-color":"","overlay-opacity":"","overlay-gradient":""}},"ast-content-background-meta":{"desktop":{"background-color":"var(--ast-global-color-5)","background-image":"","background-repeat":"repeat","background-position":"center center","background-size":"auto","background-attachment":"scroll","background-type":"","background-media":"","overlay-type":"","overlay-color":"","overlay-opacity":"","overlay-gradient":""},"tablet":{"background-color":"var(--ast-global-color-5)","background-image":"","background-repeat":"repeat","background-position":"center center","background-size":"auto","background-attachment":"scroll","background-type":"","background-media":"","overlay-type":"","overlay-color":"","overlay-opacity":"","overlay-gradient":""},"mobile":{"background-color":"var(--ast-global-color-5)","background-image":"","background-repeat":"repeat","background-position":"center center","background-size":"auto","background-attachment":"scroll","background-type":"","background-media":"","overlay-type":"","overlay-color":"","overlay-opacity":"","overlay-gradient":""}},"_themeisle_gutenberg_block_has_review":false,"footnotes":""},"class_list":["post-983","page","type-page","status-publish","hentry"],"_links":{"self":[{"href":"https:\/\/thaisvasseur.com\/index.php\/wp-json\/wp\/v2\/pages\/983","targetHints":{"allow":["GET"]}}],"collection":[{"href":"https:\/\/thaisvasseur.com\/index.php\/wp-json\/wp\/v2\/pages"}],"about":[{"href":"https:\/\/thaisvasseur.com\/index.php\/wp-json\/wp\/v2\/types\/page"}],"author":[{"embeddable":true,"href":"https:\/\/thaisvasseur.com\/index.php\/wp-json\/wp\/v2\/users\/1"}],"replies":[{"embeddable":true,"href":"https:\/\/thaisvasseur.com\/index.php\/wp-json\/wp\/v2\/comments?post=983"}],"version-history":[{"count":25,"href":"https:\/\/thaisvasseur.com\/index.php\/wp-json\/wp\/v2\/pages\/983\/revisions"}],"predecessor-version":[{"id":1481,"href":"https:\/\/thaisvasseur.com\/index.php\/wp-json\/wp\/v2\/pages\/983\/revisions\/1481"}],"wp:attachment":[{"href":"https:\/\/thaisvasseur.com\/index.php\/wp-json\/wp\/v2\/media?parent=983"}],"curies":[{"name":"wp","href":"https:\/\/api.w.org\/{rel}","templated":true}]}}